{"id":57740,"date":"2019-07-08T00:57:36","date_gmt":"2019-07-07T17:57:36","guid":{"rendered":"http:\/\/e2.com.vn\/tu-sach-e2\/a-complete-guide-to-the-new-sat\/"},"modified":"2020-09-28T13:51:45","modified_gmt":"2020-09-28T06:51:45","slug":"moi-dieu-can-biet-ve-ki-thi-sat","status":"publish","type":"page","link":"https:\/\/e2.com.vn\/vi\/tu-sach-e2\/moi-dieu-can-biet-ve-ki-thi-sat\/","title":{"rendered":"M\u1ecdi \u0111i\u1ec1u c\u1ea7n bi\u1ebft v\u1ec1 k\u00ec thi SAT"},"content":{"rendered":"\t\t<div data-elementor-type=\"wp-page\" data-elementor-id=\"57740\" class=\"elementor elementor-57740 elementor-34216\" data-elementor-post-type=\"page\">\n\t\t\t\t\t\t<section class=\"elementor-section elementor-top-section elementor-element elementor-element-5a61176b elementor-section-full_width elementor-section-height-default elementor-section-height-default\" data-id=\"5a61176b\" data-element_type=\"section\">\n\t\t\t\t\t\t<div class=\"elementor-container elementor-column-gap-no\">\n\t\t\t\t\t<div class=\"elementor-column elementor-col-100 elementor-top-column elementor-element elementor-element-7614685e\" data-id=\"7614685e\" data-element_type=\"column\">\n\t\t\t<div class=\"elementor-widget-wrap elementor-element-populated\">\n\t\t\t\t\t\t<div class=\"elementor-element elementor-element-3f69f1bb elementor--h-position-center elementor--v-position-middle elementor-arrows-position-inside elementor-pagination-position-inside elementor-widget elementor-widget-slides\" data-id=\"3f69f1bb\" data-element_type=\"widget\" data-settings=\"{&quot;navigation&quot;:&quot;both&quot;,&quot;autoplay&quot;:&quot;yes&quot;,&quot;pause_on_hover&quot;:&quot;yes&quot;,&quot;pause_on_interaction&quot;:&quot;yes&quot;,&quot;autoplay_speed&quot;:5000,&quot;infinite&quot;:&quot;yes&quot;,&quot;transition&quot;:&quot;slide&quot;,&quot;transition_speed&quot;:500}\" data-widget_type=\"slides.default\">\n\t\t\t\t<div class=\"elementor-widget-container\">\n\t\t\t\t\t<div class=\"elementor-swiper\">\n\t\t\t<div class=\"elementor-slides-wrapper elementor-main-swiper swiper\" dir=\"ltr\" data-animation=\"fadeInUp\">\n\t\t\t\t<div class=\"swiper-wrapper elementor-slides\">\n\t\t\t\t\t\t\t\t\t\t<div class=\"elementor-repeater-item-8f5b9a8 swiper-slide\"><div class=\"swiper-slide-bg\" role=\"img\"><\/div><div class=\"elementor-background-overlay\"><\/div><div class=\"swiper-slide-inner\" ><div class=\"swiper-slide-contents\"><div class=\"elementor-slide-heading\">M\u1ecdi \u0111i\u1ec1u c\u1ea7n bi\u1ebft v\u1ec1 k\u00ec thi SAT<\/div><a href=\"https:\/\/docs.google.com\/forms\/d\/e\/1FAIpQLSegpaewenjZ3PgRADssLmkNFvZ32r_-LNs5Jh6ziSwtME6QjQ\/viewform?usp=pp_url&#038;entry.1130294019=A+complete+guide+to+the+new+SAT&#038;entry.353902218=English\" target=\"_blank\" class=\"elementor-button elementor-slide-button elementor-size-sm\">\u0110\u0103ng k\u00fd<\/a><\/div><\/div><\/div>\t\t\t\t<\/div>\n\t\t\t\t\t\t\t<\/div>\n\t\t<\/div>\n\t\t\t\t<\/div>\n\t\t\t\t<\/div>\n\t\t\t\t\t<\/div>\n\t\t<\/div>\n\t\t\t\t\t<\/div>\n\t\t<\/section>\n\t\t\t\t<section class=\"elementor-section elementor-top-section elementor-element elementor-element-27222dfc elementor-section-boxed elementor-section-height-default elementor-section-height-default\" data-id=\"27222dfc\" data-element_type=\"section\">\n\t\t\t\t\t\t<div class=\"elementor-container elementor-column-gap-default\">\n\t\t\t\t\t<div class=\"elementor-column elementor-col-100 elementor-top-column elementor-element elementor-element-351085ce\" data-id=\"351085ce\" data-element_type=\"column\">\n\t\t\t<div class=\"elementor-widget-wrap elementor-element-populated\">\n\t\t\t\t\t\t<div class=\"elementor-element elementor-element-2353a33c elementor-widget elementor-widget-spacer\" data-id=\"2353a33c\" data-element_type=\"widget\" data-widget_type=\"spacer.default\">\n\t\t\t\t<div class=\"elementor-widget-container\">\n\t\t\t\t\t<div class=\"elementor-spacer\">\n\t\t\t<div class=\"elementor-spacer-inner\"><\/div>\n\t\t<\/div>\n\t\t\t\t<\/div>\n\t\t\t\t<\/div>\n\t\t\t\t\t<\/div>\n\t\t<\/div>\n\t\t\t\t\t<\/div>\n\t\t<\/section>\n\t\t\t\t<section class=\"elementor-section elementor-top-section elementor-element elementor-element-629de9d5 elementor-section-boxed elementor-section-height-default elementor-section-height-default\" data-id=\"629de9d5\" data-element_type=\"section\">\n\t\t\t\t\t\t<div class=\"elementor-container elementor-column-gap-wider\">\n\t\t\t\t\t<div class=\"elementor-column elementor-col-66 elementor-top-column elementor-element elementor-element-2fbbef86\" data-id=\"2fbbef86\" data-element_type=\"column\">\n\t\t\t<div class=\"elementor-widget-wrap elementor-element-populated\">\n\t\t\t\t\t\t<div class=\"elementor-element elementor-element-601de651 elementor-widget elementor-widget-heading\" data-id=\"601de651\" data-element_type=\"widget\" data-widget_type=\"heading.default\">\n\t\t\t\t<div class=\"elementor-widget-container\">\n\t\t\t<h3 class=\"elementor-heading-title elementor-size-large\">M\u1ecdi \u0111i\u1ec1u c\u1ea7n bi\u1ebft v\u1ec1 k\u00ec thi SAT<\/h3>\t\t<\/div>\n\t\t\t\t<\/div>\n\t\t\t\t<div class=\"elementor-element elementor-element-15fa9ca3 elementor-widget elementor-widget-text-editor\" data-id=\"15fa9ca3\" data-element_type=\"widget\" data-widget_type=\"text-editor.default\">\n\t\t\t\t<div class=\"elementor-widget-container\">\n\t\t\t\t\t\t\t<p>V\u1edbi hy v\u1ecdng c\u00f3 th\u1ec3 gi\u00fap c\u00e1c em h\u1ecdc sinh \u0111\u1ea1t \u0111\u01b0\u1ee3c k\u1ebft qu\u1ea3 thi SAT cao ngay t\u1eeb l\u1ea7n thi \u0111\u1ea7u ti\u00ean, \u0111\u1ed9i ng\u0169 Everest Education \u0111\u00e3 cho ra \u0111\u1eddi cu\u1ed1n c\u1ea9m nang <strong>\u201cM\u1ecdi \u0111i\u1ec1u c\u1ea7n bi\u1ebft v\u1ec1 k\u00ec thi SAT\u201d<\/strong>. Cu\u1ed1n s\u00e1ch mang l\u1ea1i cho c\u00e1c em nh\u1eefng ki\u1ebfn th\u1ee9c v\u00f4 c\u00f9ng c\u1ea7n thi\u1ebft v\u00e0 b\u1ed5 \u00edch, c\u1ee5 th\u1ec3:<\/p><ol><li>Th\u00f4ng tin c\u01a1 b\u1ea3n v\u1ec1 k\u00ec thi SAT<\/li><li>T\u1ea1i sao n\u00ean thi SAT?<\/li><li>Thi SAT v\u00e0o th\u1eddi \u0111i\u1ec3m n\u00e0o<\/li><li>C\u1ea5u tr\u00fac \u0111\u1ec1 thi SAT<\/li><li>Thang \u0111i\u1ec3m v\u00e0 th\u1ee9 h\u1ea1ng SAT\u00a0<\/li><li>C\u1ea7n \u0111\u1ea1t bao nhi\u00eau \u0111i\u1ec3m SAT l\u00e0 an to\u00e0n?<\/li><li>Nh\u1eefng h\u1ecdc b\u1ed5ng \u0111\u01b0\u1ee3c trao d\u1ef1a tr\u00ean \u0111i\u1ec3m SAT<\/li><li>B\u00ed quy\u1ebft luy\u1ec7n thi SAT<\/li><\/ol>\t\t\t\t\t\t<\/div>\n\t\t\t\t<\/div>\n\t\t\t\t<div class=\"elementor-element elementor-element-15f23400 elementor-widget elementor-widget-spacer\" data-id=\"15f23400\" data-element_type=\"widget\" data-widget_type=\"spacer.default\">\n\t\t\t\t<div class=\"elementor-widget-container\">\n\t\t\t\t\t<div class=\"elementor-spacer\">\n\t\t\t<div class=\"elementor-spacer-inner\"><\/div>\n\t\t<\/div>\n\t\t\t\t<\/div>\n\t\t\t\t<\/div>\n\t\t\t\t<section class=\"elementor-section elementor-inner-section elementor-element elementor-element-129dab38 elementor-section-boxed elementor-section-height-default elementor-section-height-default\" data-id=\"129dab38\" data-element_type=\"section\">\n\t\t\t\t\t\t<div class=\"elementor-container elementor-column-gap-default\">\n\t\t\t\t\t<div class=\"elementor-column elementor-col-50 elementor-inner-column elementor-element elementor-element-3a552d29\" data-id=\"3a552d29\" data-element_type=\"column\">\n\t\t\t<div class=\"elementor-widget-wrap elementor-element-populated\">\n\t\t\t\t\t\t<div class=\"elementor-element elementor-element-55136cab elementor-align-left elementor-widget elementor-widget-button\" data-id=\"55136cab\" data-element_type=\"widget\" data-widget_type=\"button.default\">\n\t\t\t\t<div class=\"elementor-widget-container\">\n\t\t\t\t\t<div class=\"elementor-button-wrapper\">\n\t\t\t<a class=\"elementor-button elementor-button-link elementor-size-sm\" href=\"https:\/\/e2.com.vn\/vi\/tu-sach-e2\/\" target=\"_blank\">\n\t\t\t\t\t\t<span class=\"elementor-button-content-wrapper\">\n\t\t\t\t\t\t<span class=\"elementor-button-text\">Quay v\u1ec1 t\u1ee7 s\u00e1ch E2<\/span>\n\t\t<\/span>\n\t\t\t\t\t<\/a>\n\t\t<\/div>\n\t\t\t\t<\/div>\n\t\t\t\t<\/div>\n\t\t\t\t\t<\/div>\n\t\t<\/div>\n\t\t\t\t<div class=\"elementor-column elementor-col-50 elementor-inner-column elementor-element elementor-element-1b9e5bd8\" data-id=\"1b9e5bd8\" data-element_type=\"column\">\n\t\t\t<div class=\"elementor-widget-wrap elementor-element-populated\">\n\t\t\t\t\t\t<div class=\"elementor-element elementor-element-2aaec407 elementor-align-left elementor-widget elementor-widget-button\" data-id=\"2aaec407\" data-element_type=\"widget\" data-widget_type=\"button.default\">\n\t\t\t\t<div class=\"elementor-widget-container\">\n\t\t\t\t\t<div class=\"elementor-button-wrapper\">\n\t\t\t<a class=\"elementor-button elementor-button-link elementor-size-sm\" href=\"https:\/\/docs.google.com\/forms\/d\/e\/1FAIpQLSegpaewenjZ3PgRADssLmkNFvZ32r_-LNs5Jh6ziSwtME6QjQ\/viewform?usp=pp_url&#038;entry.1130294019=A+complete+guide+to+the+new+SAT&#038;entry.353902218=English\" target=\"_blank\">\n\t\t\t\t\t\t<span class=\"elementor-button-content-wrapper\">\n\t\t\t\t\t\t<span class=\"elementor-button-text\">\u0110\u0103ng k\u00fd<\/span>\n\t\t<\/span>\n\t\t\t\t\t<\/a>\n\t\t<\/div>\n\t\t\t\t<\/div>\n\t\t\t\t<\/div>\n\t\t\t\t\t<\/div>\n\t\t<\/div>\n\t\t\t\t\t<\/div>\n\t\t<\/section>\n\t\t\t\t\t<\/div>\n\t\t<\/div>\n\t\t\t\t<div class=\"elementor-column elementor-col-33 elementor-top-column elementor-element elementor-element-43c5e595\" data-id=\"43c5e595\" data-element_type=\"column\" data-settings=\"{&quot;background_background&quot;:&quot;classic&quot;}\">\n\t\t\t<div class=\"elementor-widget-wrap elementor-element-populated\">\n\t\t\t\t\t\t<div class=\"elementor-element elementor-element-1697e3d4 elementor-widget-divider--view-line_icon elementor-view-default elementor-widget-divider--element-align-center elementor-widget elementor-widget-divider\" data-id=\"1697e3d4\" data-element_type=\"widget\" data-widget_type=\"divider.default\">\n\t\t\t\t<div class=\"elementor-widget-container\">\n\t\t\t\t\t<div class=\"elementor-divider\">\n\t\t\t<span class=\"elementor-divider-separator\">\n\t\t\t\t\t\t\t<div class=\"elementor-icon elementor-divider__element\">\n\t\t\t\t\t<i aria-hidden=\"true\" class=\"fas fa-quote-left\"><\/i><\/div>\n\t\t\t\t\t\t<\/span>\n\t\t<\/div>\n\t\t\t\t<\/div>\n\t\t\t\t<\/div>\n\t\t\t\t<div class=\"elementor-element elementor-element-3a0b2cac elementor-widget elementor-widget-text-editor\" data-id=\"3a0b2cac\" data-element_type=\"widget\" data-widget_type=\"text-editor.default\">\n\t\t\t\t<div class=\"elementor-widget-container\">\n\t\t\t\t\t\t\t<p><strong>Luy\u1ec7n thi SAT l\u00e0 c\u1ea3 m\u1ed9t h\u00e0nh tr\u00ecnh d\u00e0i \u0111\u1ea7y \u201cgian kh\u1ed5\u201d. Tuy nhi\u00ean, r\u1ea5t nhi\u1ec1u tr\u01b0\u1eddng \u0111\u1ea1i h\u1ecdc v\u00e0 cao \u0111\u1eb3ng tr\u00ean th\u1ebf gi\u1edbi \u0111\u1ec1u y\u00eau c\u1ea7u h\u1ecdc sinh ph\u1ea3i n\u1ed9p \u0111i\u1ec3m thi SAT. \u0110i\u1ec1u n\u00e0y khi\u1ebfn k\u00ec thi SAT tr\u1edf th\u00e0nh \u0111i\u1ec1u kh\u00f4ng th\u1ec3 tr\u00e1nh kh\u1ecfi. B\u00ean c\u1ea1nh \u0111\u00f3, \u0111\u1ea1t \u0111i\u1ec3m SAT cao c\u0169ng l\u00e0 m\u1ed9t c\u00e1ch \u0111\u1ec3 gi\u00fap h\u1ecdc sinh l\u00e0m s\u00e1ng h\u1ed3 s\u01a1 c\u1ee7a m\u00ecnh, khi \u0111i\u1ec3m GPA c\u1ee7a c\u00e1c em ch\u01b0a \u0111\u1ee7 n\u1ed5i b\u1eadt. \u0110i\u1ec3m SAT cao c\u00f2n c\u00f3 th\u1ec3 gi\u00fap c\u00e1c em gi\u00e0nh \u0111\u01b0\u1ee3c m\u1ed9t s\u1ed1 h\u1ecdc b\u1ed5ng gi\u00e1 tr\u1ecb khi n\u1ed9p h\u1ed3 s\u01a1 du h\u1ecdc.<\/strong><\/p>\t\t\t\t\t\t<\/div>\n\t\t\t\t<\/div>\n\t\t\t\t\t<\/div>\n\t\t<\/div>\n\t\t\t\t\t<\/div>\n\t\t<\/section>\n\t\t\t\t<\/div>\n\t\t","protected":false},"excerpt":{"rendered":"<p>&#8220;A complete guide to the new SAT&#8221; ebook is a valuable resource made by Everest Education team, to help students get the SAT score you want at your first attempt!&#8221;<\/p>\n","protected":false},"author":1,"featured_media":34241,"parent":34187,"menu_order":0,"comment_status":"closed","ping_status":"closed","template":"","meta":{"_links_to":"","_links_to_target":""},"yoast_head":"<!-- This site is optimized with the Yoast SEO plugin v19.11 - https:\/\/yoast.com\/wordpress\/plugins\/seo\/ -->\n<title>M\u1ecdi \u0111i\u1ec1u c\u1ea7n bi\u1ebft v\u1ec1 k\u00ec thi SAT - Everest Education<\/title>\n<meta name=\"description\" content=\"V\u1edbi hy v\u1ecdng c\u00f3 th\u1ec3 gi\u00fap c\u00e1c em h\u1ecdc sinh \u0111\u1ea1t \u0111\u01b0\u1ee3c k\u1ebft qu\u1ea3 thi SAT cao ngay t\u1eeb l\u1ea7n thi \u0111\u1ea7u ti\u00ean, \u0111\u1ed9i ng\u0169 Everest Education \u0111\u00e3 cho ra \u0111\u1eddi cu\u1ed1n c\u1ea9m nang \u201cM\u1ecdi \u0111i\u1ec1u c\u1ea7n bi\u1ebft v\u1ec1 k\u00ec thi SAT&quot;.\" \/>\n<meta name=\"robots\" content=\"index, follow, max-snippet:-1, max-image-preview:large, max-video-preview:-1\" \/>\n<link rel=\"canonical\" href=\"https:\/\/e2.com.vn\/vi\/tu-sach-e2\/moi-dieu-can-biet-ve-ki-thi-sat\/\" \/>\n<meta property=\"og:locale\" content=\"vi_VN\" \/>\n<meta property=\"og:type\" content=\"article\" \/>\n<meta property=\"og:title\" content=\"M\u1ecdi \u0111i\u1ec1u c\u1ea7n bi\u1ebft v\u1ec1 k\u00ec thi SAT - Everest Education\" \/>\n<meta property=\"og:description\" content=\"V\u1edbi hy v\u1ecdng c\u00f3 th\u1ec3 gi\u00fap c\u00e1c em h\u1ecdc sinh \u0111\u1ea1t \u0111\u01b0\u1ee3c k\u1ebft qu\u1ea3 thi SAT cao ngay t\u1eeb l\u1ea7n thi \u0111\u1ea7u ti\u00ean, \u0111\u1ed9i ng\u0169 Everest Education \u0111\u00e3 cho ra \u0111\u1eddi cu\u1ed1n c\u1ea9m nang \u201cM\u1ecdi \u0111i\u1ec1u c\u1ea7n bi\u1ebft v\u1ec1 k\u00ec thi SAT&quot;.\" \/>\n<meta property=\"og:url\" content=\"https:\/\/e2.com.vn\/vi\/tu-sach-e2\/moi-dieu-can-biet-ve-ki-thi-sat\/\" \/>\n<meta property=\"og:site_name\" content=\"Everest Education\" \/>\n<meta property=\"article:modified_time\" content=\"2020-09-28T06:51:45+00:00\" \/>\n<meta property=\"og:image\" content=\"https:\/\/e2.com.vn\/wp-content\/uploads\/2019\/07\/Moi-dieu-can-biet-ve-ky-thi-SAT.jpg\" \/>\n\t<meta property=\"og:image:width\" content=\"1180\" \/>\n\t<meta property=\"og:image:height\" content=\"620\" \/>\n\t<meta property=\"og:image:type\" content=\"image\/jpeg\" \/>\n<meta name=\"twitter:card\" content=\"summary_large_image\" \/>\n<meta name=\"twitter:label1\" content=\"\u01af\u1edbc t\u00ednh th\u1eddi gian \u0111\u1ecdc\" \/>\n\t<meta name=\"twitter:data1\" content=\"2 ph\u00fat\" \/>\n<script type=\"application\/ld+json\" class=\"yoast-schema-graph\">{\"@context\":\"https:\/\/schema.org\",\"@graph\":[{\"@type\":\"WebPage\",\"@id\":\"https:\/\/e2.com.vn\/vi\/tu-sach-e2\/moi-dieu-can-biet-ve-ki-thi-sat\/\",\"url\":\"https:\/\/e2.com.vn\/vi\/tu-sach-e2\/moi-dieu-can-biet-ve-ki-thi-sat\/\",\"name\":\"M\u1ecdi \u0111i\u1ec1u c\u1ea7n bi\u1ebft v\u1ec1 k\u00ec thi SAT - Everest Education\",\"isPartOf\":{\"@id\":\"https:\/\/e2.com.vn\/#website\"},\"datePublished\":\"2019-07-07T17:57:36+00:00\",\"dateModified\":\"2020-09-28T06:51:45+00:00\",\"description\":\"V\u1edbi hy v\u1ecdng c\u00f3 th\u1ec3 gi\u00fap c\u00e1c em h\u1ecdc sinh \u0111\u1ea1t \u0111\u01b0\u1ee3c k\u1ebft qu\u1ea3 thi SAT cao ngay t\u1eeb l\u1ea7n thi \u0111\u1ea7u ti\u00ean, \u0111\u1ed9i ng\u0169 Everest Education \u0111\u00e3 cho ra \u0111\u1eddi cu\u1ed1n c\u1ea9m nang \u201cM\u1ecdi \u0111i\u1ec1u c\u1ea7n bi\u1ebft v\u1ec1 k\u00ec thi SAT\\\".\",\"breadcrumb\":{\"@id\":\"https:\/\/e2.com.vn\/vi\/tu-sach-e2\/moi-dieu-can-biet-ve-ki-thi-sat\/#breadcrumb\"},\"inLanguage\":\"vi\",\"potentialAction\":[{\"@type\":\"ReadAction\",\"target\":[\"https:\/\/e2.com.vn\/vi\/tu-sach-e2\/moi-dieu-can-biet-ve-ki-thi-sat\/\"]}]},{\"@type\":\"BreadcrumbList\",\"@id\":\"https:\/\/e2.com.vn\/vi\/tu-sach-e2\/moi-dieu-can-biet-ve-ki-thi-sat\/#breadcrumb\",\"itemListElement\":[{\"@type\":\"ListItem\",\"position\":1,\"name\":\"Home\",\"item\":\"https:\/\/e2.com.vn\/\"},{\"@type\":\"ListItem\",\"position\":2,\"name\":\"T\u1ee7 s\u00e1ch E2\",\"item\":\"https:\/\/e2.com.vn\/vi\/tu-sach-e2\/\"},{\"@type\":\"ListItem\",\"position\":3,\"name\":\"M\u1ecdi \u0111i\u1ec1u c\u1ea7n bi\u1ebft v\u1ec1 k\u00ec thi SAT\"}]},{\"@type\":\"WebSite\",\"@id\":\"https:\/\/e2.com.vn\/#website\",\"url\":\"https:\/\/e2.com.vn\/\",\"name\":\"Everest Education\",\"description\":\"Ignite Your Learning\",\"publisher\":{\"@id\":\"https:\/\/e2.com.vn\/#organization\"},\"potentialAction\":[{\"@type\":\"SearchAction\",\"target\":{\"@type\":\"EntryPoint\",\"urlTemplate\":\"https:\/\/e2.com.vn\/?s={search_term_string}\"},\"query-input\":\"required name=search_term_string\"}],\"inLanguage\":\"vi\"},{\"@type\":\"Organization\",\"@id\":\"https:\/\/e2.com.vn\/#organization\",\"name\":\"Everest Education\",\"url\":\"https:\/\/e2.com.vn\/\",\"logo\":{\"@type\":\"ImageObject\",\"inLanguage\":\"vi\",\"@id\":\"https:\/\/e2.com.vn\/#\/schema\/logo\/image\/\",\"url\":\"https:\/\/e2.com.vn\/wp-content\/uploads\/2020\/05\/cropped-logo_e_new.png\",\"contentUrl\":\"https:\/\/e2.com.vn\/wp-content\/uploads\/2020\/05\/cropped-logo_e_new.png\",\"width\":627,\"height\":180,\"caption\":\"Everest Education\"},\"image\":{\"@id\":\"https:\/\/e2.com.vn\/#\/schema\/logo\/image\/\"}}]}<\/script>\n<!-- \/ Yoast SEO plugin. -->","yoast_head_json":{"title":"M\u1ecdi \u0111i\u1ec1u c\u1ea7n bi\u1ebft v\u1ec1 k\u00ec thi SAT - Everest Education","description":"V\u1edbi hy v\u1ecdng c\u00f3 th\u1ec3 gi\u00fap c\u00e1c em h\u1ecdc sinh \u0111\u1ea1t \u0111\u01b0\u1ee3c k\u1ebft qu\u1ea3 thi SAT cao ngay t\u1eeb l\u1ea7n thi \u0111\u1ea7u ti\u00ean, \u0111\u1ed9i ng\u0169 Everest Education \u0111\u00e3 cho ra \u0111\u1eddi cu\u1ed1n c\u1ea9m nang \u201cM\u1ecdi \u0111i\u1ec1u c\u1ea7n bi\u1ebft v\u1ec1 k\u00ec thi SAT\".","robots":{"index":"index","follow":"follow","max-snippet":"max-snippet:-1","max-image-preview":"max-image-preview:large","max-video-preview":"max-video-preview:-1"},"canonical":"https:\/\/e2.com.vn\/vi\/tu-sach-e2\/moi-dieu-can-biet-ve-ki-thi-sat\/","og_locale":"vi_VN","og_type":"article","og_title":"M\u1ecdi \u0111i\u1ec1u c\u1ea7n bi\u1ebft v\u1ec1 k\u00ec thi SAT - Everest Education","og_description":"V\u1edbi hy v\u1ecdng c\u00f3 th\u1ec3 gi\u00fap c\u00e1c em h\u1ecdc sinh \u0111\u1ea1t \u0111\u01b0\u1ee3c k\u1ebft qu\u1ea3 thi SAT cao ngay t\u1eeb l\u1ea7n thi \u0111\u1ea7u ti\u00ean, \u0111\u1ed9i ng\u0169 Everest Education \u0111\u00e3 cho ra \u0111\u1eddi cu\u1ed1n c\u1ea9m nang \u201cM\u1ecdi \u0111i\u1ec1u c\u1ea7n bi\u1ebft v\u1ec1 k\u00ec thi SAT\".","og_url":"https:\/\/e2.com.vn\/vi\/tu-sach-e2\/moi-dieu-can-biet-ve-ki-thi-sat\/","og_site_name":"Everest Education","article_modified_time":"2020-09-28T06:51:45+00:00","og_image":[{"width":1180,"height":620,"url":"https:\/\/e2.com.vn\/wp-content\/uploads\/2019\/07\/Moi-dieu-can-biet-ve-ky-thi-SAT.jpg","type":"image\/jpeg"}],"twitter_card":"summary_large_image","twitter_misc":{"\u01af\u1edbc t\u00ednh th\u1eddi gian \u0111\u1ecdc":"2 ph\u00fat"},"schema":{"@context":"https:\/\/schema.org","@graph":[{"@type":"WebPage","@id":"https:\/\/e2.com.vn\/vi\/tu-sach-e2\/moi-dieu-can-biet-ve-ki-thi-sat\/","url":"https:\/\/e2.com.vn\/vi\/tu-sach-e2\/moi-dieu-can-biet-ve-ki-thi-sat\/","name":"M\u1ecdi \u0111i\u1ec1u c\u1ea7n bi\u1ebft v\u1ec1 k\u00ec thi SAT - Everest Education","isPartOf":{"@id":"https:\/\/e2.com.vn\/#website"},"datePublished":"2019-07-07T17:57:36+00:00","dateModified":"2020-09-28T06:51:45+00:00","description":"V\u1edbi hy v\u1ecdng c\u00f3 th\u1ec3 gi\u00fap c\u00e1c em h\u1ecdc sinh \u0111\u1ea1t \u0111\u01b0\u1ee3c k\u1ebft qu\u1ea3 thi SAT cao ngay t\u1eeb l\u1ea7n thi \u0111\u1ea7u ti\u00ean, \u0111\u1ed9i ng\u0169 Everest Education \u0111\u00e3 cho ra \u0111\u1eddi cu\u1ed1n c\u1ea9m nang \u201cM\u1ecdi \u0111i\u1ec1u c\u1ea7n bi\u1ebft v\u1ec1 k\u00ec thi SAT\".","breadcrumb":{"@id":"https:\/\/e2.com.vn\/vi\/tu-sach-e2\/moi-dieu-can-biet-ve-ki-thi-sat\/#breadcrumb"},"inLanguage":"vi","potentialAction":[{"@type":"ReadAction","target":["https:\/\/e2.com.vn\/vi\/tu-sach-e2\/moi-dieu-can-biet-ve-ki-thi-sat\/"]}]},{"@type":"BreadcrumbList","@id":"https:\/\/e2.com.vn\/vi\/tu-sach-e2\/moi-dieu-can-biet-ve-ki-thi-sat\/#breadcrumb","itemListElement":[{"@type":"ListItem","position":1,"name":"Home","item":"https:\/\/e2.com.vn\/"},{"@type":"ListItem","position":2,"name":"T\u1ee7 s\u00e1ch E2","item":"https:\/\/e2.com.vn\/vi\/tu-sach-e2\/"},{"@type":"ListItem","position":3,"name":"M\u1ecdi \u0111i\u1ec1u c\u1ea7n bi\u1ebft v\u1ec1 k\u00ec thi SAT"}]},{"@type":"WebSite","@id":"https:\/\/e2.com.vn\/#website","url":"https:\/\/e2.com.vn\/","name":"Everest Education","description":"Ignite Your Learning","publisher":{"@id":"https:\/\/e2.com.vn\/#organization"},"potentialAction":[{"@type":"SearchAction","target":{"@type":"EntryPoint","urlTemplate":"https:\/\/e2.com.vn\/?s={search_term_string}"},"query-input":"required name=search_term_string"}],"inLanguage":"vi"},{"@type":"Organization","@id":"https:\/\/e2.com.vn\/#organization","name":"Everest Education","url":"https:\/\/e2.com.vn\/","logo":{"@type":"ImageObject","inLanguage":"vi","@id":"https:\/\/e2.com.vn\/#\/schema\/logo\/image\/","url":"https:\/\/e2.com.vn\/wp-content\/uploads\/2020\/05\/cropped-logo_e_new.png","contentUrl":"https:\/\/e2.com.vn\/wp-content\/uploads\/2020\/05\/cropped-logo_e_new.png","width":627,"height":180,"caption":"Everest Education"},"image":{"@id":"https:\/\/e2.com.vn\/#\/schema\/logo\/image\/"}}]}},"_links":{"self":[{"href":"https:\/\/e2.com.vn\/vi\/wp-json\/wp\/v2\/pages\/57740"}],"collection":[{"href":"https:\/\/e2.com.vn\/vi\/wp-json\/wp\/v2\/pages"}],"about":[{"href":"https:\/\/e2.com.vn\/vi\/wp-json\/wp\/v2\/types\/page"}],"author":[{"embeddable":true,"href":"https:\/\/e2.com.vn\/vi\/wp-json\/wp\/v2\/users\/1"}],"replies":[{"embeddable":true,"href":"https:\/\/e2.com.vn\/vi\/wp-json\/wp\/v2\/comments?post=57740"}],"version-history":[{"count":1,"href":"https:\/\/e2.com.vn\/vi\/wp-json\/wp\/v2\/pages\/57740\/revisions"}],"predecessor-version":[{"id":97641,"href":"https:\/\/e2.com.vn\/vi\/wp-json\/wp\/v2\/pages\/57740\/revisions\/97641"}],"up":[{"embeddable":true,"href":"https:\/\/e2.com.vn\/vi\/wp-json\/wp\/v2\/pages\/34187"}],"wp:featuredmedia":[{"embeddable":true,"href":"https:\/\/e2.com.vn\/vi\/wp-json\/wp\/v2\/media\/34241"}],"wp:attachment":[{"href":"https:\/\/e2.com.vn\/vi\/wp-json\/wp\/v2\/media?parent=57740"}],"curies":[{"name":"wp","href":"https:\/\/api.w.org\/{rel}","templated":true}]}}