{"id":57747,"date":"2019-10-11T11:02:26","date_gmt":"2019-10-11T04:02:26","guid":{"rendered":"http:\/\/e2.com.vn\/tu-sach-e2\/international-schools-in-ho-chi-minh-city\/"},"modified":"2025-04-16T10:51:31","modified_gmt":"2025-04-16T03:51:31","slug":"thong-tin-cac-truong-co-yeu-to-nuoc-ngoai-tai-tp-hcm","status":"publish","type":"page","link":"https:\/\/e2.com.vn\/vi\/tu-sach-e2\/thong-tin-cac-truong-co-yeu-to-nuoc-ngoai-tai-tp-hcm\/","title":{"rendered":"Th\u00f4ng tin c\u00e1c tr\u01b0\u1eddng c\u00f3 y\u1ebfu t\u1ed1 n\u01b0\u1edbc ngo\u00e0i t\u1ea1i TP.HCM"},"content":{"rendered":"\t\t<div data-elementor-type=\"wp-page\" data-elementor-id=\"57747\" class=\"elementor elementor-57747 elementor-35282\" data-elementor-post-type=\"page\">\n\t\t\t\t\t\t<section class=\"elementor-section elementor-top-section elementor-element elementor-element-3dbb543b elementor-section-full_width elementor-section-height-default elementor-section-height-default\" data-id=\"3dbb543b\" data-element_type=\"section\">\n\t\t\t\t\t\t<div class=\"elementor-container elementor-column-gap-no\">\n\t\t\t\t\t<div class=\"elementor-column elementor-col-100 elementor-top-column elementor-element elementor-element-642dab70\" data-id=\"642dab70\" data-element_type=\"column\">\n\t\t\t<div class=\"elementor-widget-wrap elementor-element-populated\">\n\t\t\t\t\t\t<div class=\"elementor-element elementor-element-35439458 elementor--h-position-center elementor--v-position-middle elementor-arrows-position-inside elementor-pagination-position-inside elementor-widget elementor-widget-slides\" data-id=\"35439458\" data-element_type=\"widget\" data-settings=\"{&quot;navigation&quot;:&quot;both&quot;,&quot;autoplay&quot;:&quot;yes&quot;,&quot;pause_on_hover&quot;:&quot;yes&quot;,&quot;pause_on_interaction&quot;:&quot;yes&quot;,&quot;autoplay_speed&quot;:5000,&quot;infinite&quot;:&quot;yes&quot;,&quot;transition&quot;:&quot;slide&quot;,&quot;transition_speed&quot;:500}\" data-widget_type=\"slides.default\">\n\t\t\t\t<div class=\"elementor-widget-container\">\n\t\t\t\t\t<div class=\"elementor-swiper\">\n\t\t\t<div class=\"elementor-slides-wrapper elementor-main-swiper swiper\" dir=\"ltr\" data-animation=\"fadeInUp\">\n\t\t\t\t<div class=\"swiper-wrapper elementor-slides\">\n\t\t\t\t\t\t\t\t\t\t<div class=\"elementor-repeater-item-8f5b9a8 swiper-slide\"><div class=\"swiper-slide-bg\" role=\"img\"><\/div><div class=\"swiper-slide-inner\" ><div class=\"swiper-slide-contents\"><div class=\"elementor-slide-heading\"> Th\u00f4ng tin c\u00e1c tr\u01b0\u1eddng c\u00f3 y\u1ebfu t\u1ed1 <br>n\u01b0\u1edbc ngo\u00e0i t\u1ea1i TP.HCM (C\u1eadp nh\u1eadt 2025)<\/div><a href=\"https:\/\/docs.google.com\/forms\/d\/e\/1FAIpQLSfwa-vc7jaccELWc4u3hhz_GL8I5-GCi7DfSs4klzX_AHhbqQ\/viewform?usp=share_link\" target=\"_blank\" class=\"elementor-button elementor-slide-button elementor-size-xl\">T\u1ea3i v\u1ec1<\/a><\/div><\/div><\/div>\t\t\t\t<\/div>\n\t\t\t\t\t\t\t<\/div>\n\t\t<\/div>\n\t\t\t\t<\/div>\n\t\t\t\t<\/div>\n\t\t\t\t\t<\/div>\n\t\t<\/div>\n\t\t\t\t\t<\/div>\n\t\t<\/section>\n\t\t\t\t<section class=\"elementor-section elementor-top-section elementor-element elementor-element-54ebc5d3 elementor-section-boxed elementor-section-height-default elementor-section-height-default\" data-id=\"54ebc5d3\" data-element_type=\"section\">\n\t\t\t\t\t\t<div class=\"elementor-container elementor-column-gap-default\">\n\t\t\t\t\t<div class=\"elementor-column elementor-col-100 elementor-top-column elementor-element elementor-element-3fae1944\" data-id=\"3fae1944\" data-element_type=\"column\">\n\t\t\t<div class=\"elementor-widget-wrap elementor-element-populated\">\n\t\t\t\t\t\t<div class=\"elementor-element elementor-element-721d0826 elementor-widget elementor-widget-spacer\" data-id=\"721d0826\" data-element_type=\"widget\" data-widget_type=\"spacer.default\">\n\t\t\t\t<div class=\"elementor-widget-container\">\n\t\t\t\t\t<div class=\"elementor-spacer\">\n\t\t\t<div class=\"elementor-spacer-inner\"><\/div>\n\t\t<\/div>\n\t\t\t\t<\/div>\n\t\t\t\t<\/div>\n\t\t\t\t\t<\/div>\n\t\t<\/div>\n\t\t\t\t\t<\/div>\n\t\t<\/section>\n\t\t\t\t<section class=\"elementor-section elementor-top-section elementor-element elementor-element-3484d35e elementor-section-boxed elementor-section-height-default elementor-section-height-default\" data-id=\"3484d35e\" data-element_type=\"section\">\n\t\t\t\t\t\t<div class=\"elementor-container elementor-column-gap-wider\">\n\t\t\t\t\t<div class=\"elementor-column elementor-col-66 elementor-top-column elementor-element elementor-element-1b74ee15\" data-id=\"1b74ee15\" data-element_type=\"column\">\n\t\t\t<div class=\"elementor-widget-wrap elementor-element-populated\">\n\t\t\t\t\t\t<div class=\"elementor-element elementor-element-36a4add elementor-widget elementor-widget-heading\" data-id=\"36a4add\" data-element_type=\"widget\" data-widget_type=\"heading.default\">\n\t\t\t\t<div class=\"elementor-widget-container\">\n\t\t\t<h3 class=\"elementor-heading-title elementor-size-large\">C\u1eadp Nh\u1eadt Danh S\u00e1ch C\u00e1c Tr\u01b0\u1eddng C\u00f3 Y\u1ebfu T\u1ed1 N\u01b0\u1edbc Ngo\u00e0i T\u1ea1i TP.HCM 2025<\/h3>\t\t<\/div>\n\t\t\t\t<\/div>\n\t\t\t\t<div class=\"elementor-element elementor-element-1886af3d elementor-widget elementor-widget-text-editor\" data-id=\"1886af3d\" data-element_type=\"widget\" data-widget_type=\"text-editor.default\">\n\t\t\t\t<div class=\"elementor-widget-container\">\n\t\t\t\t\t\t\t<p>Cho con h\u1ecdc t\u1eadp t\u1ea1i c\u00e1c tr\u01b0\u1eddng qu\u1ed1c t\u1ebf, song ng\u1eef ng\u00e0y c\u00e0ng tr\u1edf n\u00ean ph\u1ed5 bi\u1ebfn \u0111\u01b0\u1ee3c nhi\u1ec1u cha m\u1eb9 l\u1ef1a ch\u1ecdn v\u00ec nhi\u1ec1u l\u00fd do:<\/p><ul><li>Con \u0111\u01b0\u1ee3c ti\u1ebfp x\u00fac v\u1edbi m\u00f4i tr\u01b0\u1eddng h\u1ecdc t\u1eadp, c\u01a1 s\u1edf v\u1eadt ch\u1ea5t hi\u1ec7n \u0111\u1ea1i<\/li><li>Con \u0111\u01b0\u1ee3c trau d\u1ed3i, ph\u00e1t tri\u1ec3n n\u0103ng l\u1ef1c ngo\u1ea1i ng\u1eef, k\u1ef9 n\u0103ng m\u1ec1m<\/li><li>Con c\u00f3 c\u01a1 h\u1ed9i \u0111\u01b0\u1ee3c c\u1ea5p b\u1eb1ng qu\u1ed1c t\u1ebf<\/li><\/ul><p>Ch\u00ednh v\u00ec th\u1ebf, nhi\u1ec1u tr\u01b0\u1eddng qu\u1ed1c t\u1ebf \u0111\u00e3 xu\u1ea5t hi\u1ec7n, \u0111\u1eb7c bi\u1ec7t l\u00e0 \u1edf c\u00e1c th\u00e0nh ph\u1ed1 l\u1edbn nh\u01b0 H\u00e0 N\u1ed9i v\u00e0 TP. H\u1ed3 Ch\u00ed Minh, h\u1ee9a h\u1eb9n mang l\u1ea1i n\u1ec1n gi\u00e1o d\u1ee5c ti\u00ean ti\u1ebfn nh\u1ea5t cho c\u1ea3 h\u1ecdc sinh Vi\u1ec7t Nam l\u1eabn h\u1ecdc sinh b\u1ea3n x\u1ee9. V\u1edbi nhi\u1ec1u l\u1ef1a ch\u1ecdn nh\u01b0 v\u1eady, vi\u1ec7c t\u00ecm ra m\u1ed9t ng\u00f4i tr\u01b0\u1eddng ph\u00f9 h\u1ee3p con con qu\u1ea3 th\u1ef1c l\u00e0 m\u1ed9t \u0111i\u1ec1u kh\u00f4ng h\u1ec1 d\u1ec5 d\u00e0ng.<\/p>\t\t\t\t\t\t<\/div>\n\t\t\t\t<\/div>\n\t\t\t\t<div class=\"elementor-element elementor-element-785ba9fb elementor-widget elementor-widget-heading\" data-id=\"785ba9fb\" data-element_type=\"widget\" data-widget_type=\"heading.default\">\n\t\t\t\t<div class=\"elementor-widget-container\">\n\t\t\t<h3 class=\"elementor-heading-title elementor-size-large\">Phi\u00ean B\u1ea3n C\u1eadp Nh\u1ea5t M\u1edbi Nh\u1ea5t 2025 C\u00f3 G\u00ec?<\/h3>\t\t<\/div>\n\t\t\t\t<\/div>\n\t\t\t\t<div class=\"elementor-element elementor-element-3954fc9c elementor-widget elementor-widget-text-editor\" data-id=\"3954fc9c\" data-element_type=\"widget\" data-widget_type=\"text-editor.default\">\n\t\t\t\t<div class=\"elementor-widget-container\">\n\t\t\t\t\t\t\t<p><strong>T\u1ed5ng quan v\u1ec1 h\u1ec7 th\u1ed1ng tr\u01b0\u1eddng qu\u1ed1c t\u1ebf t\u1ea1i Vi\u1ec7t Nam<\/strong><\/p><p style=\"padding-left: 40px;\">\u2022 H\u01b0\u1edbng d\u1eabn tuy\u1ec3n sinh<br \/>\u2022 H\u1ecdc k\u1ef3 v\u00e0 Gi\u1edd h\u1ecdc<br \/>\u2022 H\u1ecdc ph\u00ed<br \/>\u2022 C\u00e1c ho\u1ea1t \u0111\u1ed9ng ngo\u1ea1i kh\u00f3a<br \/>\u2022 H\u1ed7 tr\u1ee3 d\u00e0nh cho gia \u0111\u00ecnh<br \/>\u2022 C\u00e1c ch\u01b0\u01a1ng tr\u00ecnh h\u1ecdc thu\u1eadt b\u1ed5 sung<\/p><p><strong>B\u00ed quy\u1ebft ch\u1ecdn tr\u01b0\u1eddng cho con<\/strong><\/p><p><strong>Th\u00f4ng tin v\u1ec1 c\u00e1c tr\u01b0\u1eddng c\u00f3 y\u1ebfu t\u1ed1 n\u01b0\u1edbc ngo\u00e0i t\u1ea1i TP.HCM<\/strong><\/p><p style=\"padding-left: 40px;\">\u2022 Gi\u00e1o tr\u00ecnh, h\u1ecdc ph\u00ed, ch\u01b0\u01a1ng tr\u00ecnh h\u1ecdc thu\u1eadt v\u00e0 c\u00e1c d\u1ecbch v\u1ee5 kh\u00e1c t\u1ea1i c\u00e1c tr\u01b0\u1eddng c\u00f3 y\u1ebfu t\u1ed1 n\u01b0\u1edbc ngo\u00e0i \u1edf TP.HCM<br \/>\u2022 \u0110\u1eb7c bi\u1ec7t, phi\u00ean b\u1ea3n 2025 c\u00f2n c\u00f3 m\u1ee5c c\u1ea3m ngh\u0129 c\u1ee7a ph\u1ee5 huynh v\u1ec1 ng\u00f4i tr\u01b0\u1eddng m\u00e0 con \u0111\u00e3 v\u00e0 \u0111ang theo h\u1ecdc<\/p><p><strong>C\u00e1c kh\u00f3a h\u1ecdc h\u1eefu \u00edch<\/strong><\/p>\t\t\t\t\t\t<\/div>\n\t\t\t\t<\/div>\n\t\t\t\t<div class=\"elementor-element elementor-element-4a6f3570 elementor-widget elementor-widget-spacer\" data-id=\"4a6f3570\" data-element_type=\"widget\" data-widget_type=\"spacer.default\">\n\t\t\t\t<div class=\"elementor-widget-container\">\n\t\t\t\t\t<div class=\"elementor-spacer\">\n\t\t\t<div class=\"elementor-spacer-inner\"><\/div>\n\t\t<\/div>\n\t\t\t\t<\/div>\n\t\t\t\t<\/div>\n\t\t\t\t<section class=\"elementor-section elementor-inner-section elementor-element elementor-element-20f5780a elementor-section-boxed elementor-section-height-default elementor-section-height-default\" data-id=\"20f5780a\" data-element_type=\"section\">\n\t\t\t\t\t\t<div class=\"elementor-container elementor-column-gap-default\">\n\t\t\t\t\t<div class=\"elementor-column elementor-col-50 elementor-inner-column elementor-element elementor-element-5b93722d\" data-id=\"5b93722d\" data-element_type=\"column\">\n\t\t\t<div class=\"elementor-widget-wrap elementor-element-populated\">\n\t\t\t\t\t\t<div class=\"elementor-element elementor-element-2b843c5c elementor-align-center elementor-widget elementor-widget-button\" data-id=\"2b843c5c\" data-element_type=\"widget\" data-widget_type=\"button.default\">\n\t\t\t\t<div class=\"elementor-widget-container\">\n\t\t\t\t\t<div class=\"elementor-button-wrapper\">\n\t\t\t<a class=\"elementor-button elementor-button-link elementor-size-sm\" href=\"https:\/\/e2.com.vn\/vi\/tu-sach-e2\/\">\n\t\t\t\t\t\t<span class=\"elementor-button-content-wrapper\">\n\t\t\t\t\t\t<span class=\"elementor-button-text\">Quay v\u1ec1 t\u1ee7 s\u00e1ch E2<\/span>\n\t\t<\/span>\n\t\t\t\t\t<\/a>\n\t\t<\/div>\n\t\t\t\t<\/div>\n\t\t\t\t<\/div>\n\t\t\t\t\t<\/div>\n\t\t<\/div>\n\t\t\t\t<div class=\"elementor-column elementor-col-50 elementor-inner-column elementor-element elementor-element-4f8cf9fd\" data-id=\"4f8cf9fd\" data-element_type=\"column\">\n\t\t\t<div class=\"elementor-widget-wrap elementor-element-populated\">\n\t\t\t\t\t\t<div class=\"elementor-element elementor-element-373264e7 elementor-align-center elementor-widget elementor-widget-button\" data-id=\"373264e7\" data-element_type=\"widget\" data-widget_type=\"button.default\">\n\t\t\t\t<div class=\"elementor-widget-container\">\n\t\t\t\t\t<div class=\"elementor-button-wrapper\">\n\t\t\t<a class=\"elementor-button elementor-button-link elementor-size-sm\" href=\"https:\/\/docs.google.com\/forms\/d\/e\/1FAIpQLSewVh2NJd-7FWxKmMoWLNVOj5sFZEl_3o7cT5hiaEz7TIoZJg\/viewform?usp=share_link\" target=\"_blank\">\n\t\t\t\t\t\t<span class=\"elementor-button-content-wrapper\">\n\t\t\t\t\t\t<span class=\"elementor-button-text\">\u0110\u0103ng k\u00fd thi th\u1eed MAP test<\/span>\n\t\t<\/span>\n\t\t\t\t\t<\/a>\n\t\t<\/div>\n\t\t\t\t<\/div>\n\t\t\t\t<\/div>\n\t\t\t\t\t<\/div>\n\t\t<\/div>\n\t\t\t\t\t<\/div>\n\t\t<\/section>\n\t\t\t\t<div class=\"elementor-element elementor-element-b339eff elementor-align-center elementor-widget elementor-widget-button\" data-id=\"b339eff\" data-element_type=\"widget\" data-widget_type=\"button.default\">\n\t\t\t\t<div class=\"elementor-widget-container\">\n\t\t\t\t\t<div class=\"elementor-button-wrapper\">\n\t\t\t<a class=\"elementor-button elementor-button-link elementor-size-md\" href=\"https:\/\/docs.google.com\/forms\/d\/e\/1FAIpQLSfwa-vc7jaccELWc4u3hhz_GL8I5-GCi7DfSs4klzX_AHhbqQ\/viewform?usp=share_link\">\n\t\t\t\t\t\t<span class=\"elementor-button-content-wrapper\">\n\t\t\t\t\t\t<span class=\"elementor-button-text\">T\u1ea2I V\u1ec0 MI\u1ec4N PH\u00cd NGAY<\/span>\n\t\t<\/span>\n\t\t\t\t\t<\/a>\n\t\t<\/div>\n\t\t\t\t<\/div>\n\t\t\t\t<\/div>\n\t\t\t\t\t<\/div>\n\t\t<\/div>\n\t\t\t\t<div class=\"elementor-column elementor-col-33 elementor-top-column elementor-element elementor-element-3d8f0f03\" data-id=\"3d8f0f03\" data-element_type=\"column\">\n\t\t\t<div class=\"elementor-widget-wrap elementor-element-populated\">\n\t\t\t\t\t\t<div class=\"elementor-element elementor-element-5822e85 elementor-widget-divider--view-line_icon elementor-view-default elementor-widget-divider--element-align-center elementor-widget elementor-widget-divider\" data-id=\"5822e85\" data-element_type=\"widget\" data-widget_type=\"divider.default\">\n\t\t\t\t<div class=\"elementor-widget-container\">\n\t\t\t\t\t<div class=\"elementor-divider\">\n\t\t\t<span class=\"elementor-divider-separator\">\n\t\t\t\t\t\t\t<div class=\"elementor-icon elementor-divider__element\">\n\t\t\t\t\t<i aria-hidden=\"true\" class=\"fas fa-quote-left\"><\/i><\/div>\n\t\t\t\t\t\t<\/span>\n\t\t<\/div>\n\t\t\t\t<\/div>\n\t\t\t\t<\/div>\n\t\t\t\t<div class=\"elementor-element elementor-element-5097a1d elementor-widget elementor-widget-text-editor\" data-id=\"5097a1d\" data-element_type=\"widget\" data-widget_type=\"text-editor.default\">\n\t\t\t\t<div class=\"elementor-widget-container\">\n\t\t\t\t\t\t\t<p><strong>Everest Education \u0111\u00e3 t\u1ed5ng h\u1ee3p, bi\u00ean so\u1ea1n v\u00e0 c\u1eadp nh\u1eadt th\u01b0\u1eddng xuy\u00ean cu\u1ed1n c\u1ea9m nang Th\u00f4ng Tin C\u00e1c Tr\u01b0\u1eddng C\u00f3 Y\u1ebfu T\u1ed1 N\u01b0\u1edbc Ngo\u00e0i T\u1ea1i TP.HCM n\u0103m 2025, g\u1ed3m th\u00f4ng tin chi ti\u1ebft nh\u1ea5t v\u1ec1 h\u1ec7 th\u1ed1ng tr\u01b0\u1eddng h\u1ecdc c\u00f3 y\u1ebfu t\u1ed1 n\u01b0\u1edbc ngo\u00e0i \u1edf th\u00e0nh ph\u1ed1 H\u1ed3 Ch\u00ed Minh. Ch\u00fang t\u00f4i hy v\u1ecdng, cu\u1ed1n c\u1ea9m nang s\u1ebd l\u00e0 tr\u1ee3 th\u1ee7 \u0111\u1eafc l\u1ef1c \u0111\u1ed3ng h\u00e0nh v\u1edbi qu\u00fd ph\u1ee5 huynh trong vi\u1ec7c t\u00ecm \u0111\u01b0\u1ee3c ng\u00f4i tr\u01b0\u1eddng ph\u00f9 h\u1ee3p nh\u1ea5t cho con.<\/strong><\/p>\t\t\t\t\t\t<\/div>\n\t\t\t\t<\/div>\n\t\t\t\t\t<\/div>\n\t\t<\/div>\n\t\t\t\t\t<\/div>\n\t\t<\/section>\n\t\t\t\t<\/div>\n\t\t","protected":false},"excerpt":{"rendered":"<p>This guidebook will cover all your concerns with every detail about the international school system in Ho Chi Minh City and to provide you key insights to make the right decision for your child.<\/p>\n","protected":false},"author":1,"featured_media":55912,"parent":34187,"menu_order":0,"comment_status":"closed","ping_status":"closed","template":"","meta":{"_links_to":"","_links_to_target":""},"yoast_head":"<!-- This site is optimized with the Yoast SEO plugin v19.11 - https:\/\/yoast.com\/wordpress\/plugins\/seo\/ -->\n<title>Th\u00f4ng tin c\u00e1c tr\u01b0\u1eddng c\u00f3 y\u1ebfu t\u1ed1 n\u01b0\u1edbc ngo\u00e0i t\u1ea1i TP.HCM - Everest Education<\/title>\n<meta name=\"description\" content=\"\u0110\u01b0\u1ee3c t\u1ed5ng h\u1ee3p v\u00e0 bi\u00ean so\u1ea1n b\u1edfi Everest Education, cu\u1ed1n c\u1ea9m nang d\u01b0\u1edbi \u0111\u00e2y s\u1ebd mang l\u1ea1i th\u00f4ng tin chi ti\u1ebft nh\u1ea5t v\u1ec1 h\u1ec7 th\u1ed1ng tr\u01b0\u1eddng h\u1ecdc c\u00f3 y\u1ebfu t\u1ed1 n\u01b0\u1edbc ngo\u00e0i \u1edf th\u00e0nh ph\u1ed1 H\u1ed3 Ch\u00ed Minh, v\u1edbi hy v\u1ecdng c\u00f3 th\u1ec3 gi\u00fap qu\u00fd ph\u1ee5 huynh t\u00ecm \u0111\u01b0\u1ee3c ng\u00f4i tr\u01b0\u1eddng ph\u00f9 h\u1ee3p nh\u1ea5t cho con.\" \/>\n<meta name=\"robots\" content=\"index, follow, max-snippet:-1, max-image-preview:large, max-video-preview:-1\" \/>\n<link rel=\"canonical\" href=\"https:\/\/e2.com.vn\/vi\/tu-sach-e2\/thong-tin-cac-truong-co-yeu-to-nuoc-ngoai-tai-tp-hcm\/\" \/>\n<meta property=\"og:locale\" content=\"vi_VN\" \/>\n<meta property=\"og:type\" content=\"article\" \/>\n<meta property=\"og:title\" content=\"Th\u00f4ng tin c\u00e1c tr\u01b0\u1eddng c\u00f3 y\u1ebfu t\u1ed1 n\u01b0\u1edbc ngo\u00e0i t\u1ea1i TP.HCM - Everest Education\" \/>\n<meta property=\"og:description\" content=\"\u0110\u01b0\u1ee3c t\u1ed5ng h\u1ee3p v\u00e0 bi\u00ean so\u1ea1n b\u1edfi Everest Education, cu\u1ed1n c\u1ea9m nang d\u01b0\u1edbi \u0111\u00e2y s\u1ebd mang l\u1ea1i th\u00f4ng tin chi ti\u1ebft nh\u1ea5t v\u1ec1 h\u1ec7 th\u1ed1ng tr\u01b0\u1eddng h\u1ecdc c\u00f3 y\u1ebfu t\u1ed1 n\u01b0\u1edbc ngo\u00e0i \u1edf th\u00e0nh ph\u1ed1 H\u1ed3 Ch\u00ed Minh, v\u1edbi hy v\u1ecdng c\u00f3 th\u1ec3 gi\u00fap qu\u00fd ph\u1ee5 huynh t\u00ecm \u0111\u01b0\u1ee3c ng\u00f4i tr\u01b0\u1eddng ph\u00f9 h\u1ee3p nh\u1ea5t cho con.\" \/>\n<meta property=\"og:url\" content=\"https:\/\/e2.com.vn\/vi\/tu-sach-e2\/thong-tin-cac-truong-co-yeu-to-nuoc-ngoai-tai-tp-hcm\/\" \/>\n<meta property=\"og:site_name\" content=\"Everest Education\" \/>\n<meta property=\"article:modified_time\" content=\"2025-04-16T03:51:31+00:00\" \/>\n<meta property=\"og:image\" content=\"https:\/\/e2.com.vn\/wp-content\/uploads\/2020\/08\/Web-banner-International-school-in-HCMC-2019-09_compressed.jpg\" \/>\n\t<meta property=\"og:image:width\" content=\"2048\" \/>\n\t<meta property=\"og:image:height\" content=\"1070\" \/>\n\t<meta property=\"og:image:type\" content=\"image\/jpeg\" \/>\n<meta name=\"twitter:card\" content=\"summary_large_image\" \/>\n<meta name=\"twitter:label1\" content=\"\u01af\u1edbc t\u00ednh th\u1eddi gian \u0111\u1ecdc\" \/>\n\t<meta name=\"twitter:data1\" content=\"3 ph\u00fat\" \/>\n<script type=\"application\/ld+json\" class=\"yoast-schema-graph\">{\"@context\":\"https:\/\/schema.org\",\"@graph\":[{\"@type\":\"WebPage\",\"@id\":\"https:\/\/e2.com.vn\/vi\/tu-sach-e2\/thong-tin-cac-truong-co-yeu-to-nuoc-ngoai-tai-tp-hcm\/\",\"url\":\"https:\/\/e2.com.vn\/vi\/tu-sach-e2\/thong-tin-cac-truong-co-yeu-to-nuoc-ngoai-tai-tp-hcm\/\",\"name\":\"Th\u00f4ng tin c\u00e1c tr\u01b0\u1eddng c\u00f3 y\u1ebfu t\u1ed1 n\u01b0\u1edbc ngo\u00e0i t\u1ea1i TP.HCM - Everest Education\",\"isPartOf\":{\"@id\":\"https:\/\/e2.com.vn\/#website\"},\"datePublished\":\"2019-10-11T04:02:26+00:00\",\"dateModified\":\"2025-04-16T03:51:31+00:00\",\"description\":\"\u0110\u01b0\u1ee3c t\u1ed5ng h\u1ee3p v\u00e0 bi\u00ean so\u1ea1n b\u1edfi Everest Education, cu\u1ed1n c\u1ea9m nang d\u01b0\u1edbi \u0111\u00e2y s\u1ebd mang l\u1ea1i th\u00f4ng tin chi ti\u1ebft nh\u1ea5t v\u1ec1 h\u1ec7 th\u1ed1ng tr\u01b0\u1eddng h\u1ecdc c\u00f3 y\u1ebfu t\u1ed1 n\u01b0\u1edbc ngo\u00e0i \u1edf th\u00e0nh ph\u1ed1 H\u1ed3 Ch\u00ed Minh, v\u1edbi hy v\u1ecdng c\u00f3 th\u1ec3 gi\u00fap qu\u00fd ph\u1ee5 huynh t\u00ecm \u0111\u01b0\u1ee3c ng\u00f4i tr\u01b0\u1eddng ph\u00f9 h\u1ee3p nh\u1ea5t cho con.\",\"breadcrumb\":{\"@id\":\"https:\/\/e2.com.vn\/vi\/tu-sach-e2\/thong-tin-cac-truong-co-yeu-to-nuoc-ngoai-tai-tp-hcm\/#breadcrumb\"},\"inLanguage\":\"vi\",\"potentialAction\":[{\"@type\":\"ReadAction\",\"target\":[\"https:\/\/e2.com.vn\/vi\/tu-sach-e2\/thong-tin-cac-truong-co-yeu-to-nuoc-ngoai-tai-tp-hcm\/\"]}]},{\"@type\":\"BreadcrumbList\",\"@id\":\"https:\/\/e2.com.vn\/vi\/tu-sach-e2\/thong-tin-cac-truong-co-yeu-to-nuoc-ngoai-tai-tp-hcm\/#breadcrumb\",\"itemListElement\":[{\"@type\":\"ListItem\",\"position\":1,\"name\":\"Home\",\"item\":\"https:\/\/e2.com.vn\/\"},{\"@type\":\"ListItem\",\"position\":2,\"name\":\"T\u1ee7 s\u00e1ch E2\",\"item\":\"https:\/\/e2.com.vn\/vi\/tu-sach-e2\/\"},{\"@type\":\"ListItem\",\"position\":3,\"name\":\"Th\u00f4ng tin c\u00e1c tr\u01b0\u1eddng c\u00f3 y\u1ebfu t\u1ed1 n\u01b0\u1edbc ngo\u00e0i t\u1ea1i TP.HCM\"}]},{\"@type\":\"WebSite\",\"@id\":\"https:\/\/e2.com.vn\/#website\",\"url\":\"https:\/\/e2.com.vn\/\",\"name\":\"Everest Education\",\"description\":\"Ignite Your Learning\",\"publisher\":{\"@id\":\"https:\/\/e2.com.vn\/#organization\"},\"potentialAction\":[{\"@type\":\"SearchAction\",\"target\":{\"@type\":\"EntryPoint\",\"urlTemplate\":\"https:\/\/e2.com.vn\/?s={search_term_string}\"},\"query-input\":\"required name=search_term_string\"}],\"inLanguage\":\"vi\"},{\"@type\":\"Organization\",\"@id\":\"https:\/\/e2.com.vn\/#organization\",\"name\":\"Everest Education\",\"url\":\"https:\/\/e2.com.vn\/\",\"logo\":{\"@type\":\"ImageObject\",\"inLanguage\":\"vi\",\"@id\":\"https:\/\/e2.com.vn\/#\/schema\/logo\/image\/\",\"url\":\"https:\/\/e2.com.vn\/wp-content\/uploads\/2020\/05\/cropped-logo_e_new.png\",\"contentUrl\":\"https:\/\/e2.com.vn\/wp-content\/uploads\/2020\/05\/cropped-logo_e_new.png\",\"width\":627,\"height\":180,\"caption\":\"Everest Education\"},\"image\":{\"@id\":\"https:\/\/e2.com.vn\/#\/schema\/logo\/image\/\"}}]}<\/script>\n<!-- \/ Yoast SEO plugin. -->","yoast_head_json":{"title":"Th\u00f4ng tin c\u00e1c tr\u01b0\u1eddng c\u00f3 y\u1ebfu t\u1ed1 n\u01b0\u1edbc ngo\u00e0i t\u1ea1i TP.HCM - Everest Education","description":"\u0110\u01b0\u1ee3c t\u1ed5ng h\u1ee3p v\u00e0 bi\u00ean so\u1ea1n b\u1edfi Everest Education, cu\u1ed1n c\u1ea9m nang d\u01b0\u1edbi \u0111\u00e2y s\u1ebd mang l\u1ea1i th\u00f4ng tin chi ti\u1ebft nh\u1ea5t v\u1ec1 h\u1ec7 th\u1ed1ng tr\u01b0\u1eddng h\u1ecdc c\u00f3 y\u1ebfu t\u1ed1 n\u01b0\u1edbc ngo\u00e0i \u1edf th\u00e0nh ph\u1ed1 H\u1ed3 Ch\u00ed Minh, v\u1edbi hy v\u1ecdng c\u00f3 th\u1ec3 gi\u00fap qu\u00fd ph\u1ee5 huynh t\u00ecm \u0111\u01b0\u1ee3c ng\u00f4i tr\u01b0\u1eddng ph\u00f9 h\u1ee3p nh\u1ea5t cho con.","robots":{"index":"index","follow":"follow","max-snippet":"max-snippet:-1","max-image-preview":"max-image-preview:large","max-video-preview":"max-video-preview:-1"},"canonical":"https:\/\/e2.com.vn\/vi\/tu-sach-e2\/thong-tin-cac-truong-co-yeu-to-nuoc-ngoai-tai-tp-hcm\/","og_locale":"vi_VN","og_type":"article","og_title":"Th\u00f4ng tin c\u00e1c tr\u01b0\u1eddng c\u00f3 y\u1ebfu t\u1ed1 n\u01b0\u1edbc ngo\u00e0i t\u1ea1i TP.HCM - Everest Education","og_description":"\u0110\u01b0\u1ee3c t\u1ed5ng h\u1ee3p v\u00e0 bi\u00ean so\u1ea1n b\u1edfi Everest Education, cu\u1ed1n c\u1ea9m nang d\u01b0\u1edbi \u0111\u00e2y s\u1ebd mang l\u1ea1i th\u00f4ng tin chi ti\u1ebft nh\u1ea5t v\u1ec1 h\u1ec7 th\u1ed1ng tr\u01b0\u1eddng h\u1ecdc c\u00f3 y\u1ebfu t\u1ed1 n\u01b0\u1edbc ngo\u00e0i \u1edf th\u00e0nh ph\u1ed1 H\u1ed3 Ch\u00ed Minh, v\u1edbi hy v\u1ecdng c\u00f3 th\u1ec3 gi\u00fap qu\u00fd ph\u1ee5 huynh t\u00ecm \u0111\u01b0\u1ee3c ng\u00f4i tr\u01b0\u1eddng ph\u00f9 h\u1ee3p nh\u1ea5t cho con.","og_url":"https:\/\/e2.com.vn\/vi\/tu-sach-e2\/thong-tin-cac-truong-co-yeu-to-nuoc-ngoai-tai-tp-hcm\/","og_site_name":"Everest Education","article_modified_time":"2025-04-16T03:51:31+00:00","og_image":[{"width":2048,"height":1070,"url":"https:\/\/e2.com.vn\/wp-content\/uploads\/2020\/08\/Web-banner-International-school-in-HCMC-2019-09_compressed.jpg","type":"image\/jpeg"}],"twitter_card":"summary_large_image","twitter_misc":{"\u01af\u1edbc t\u00ednh th\u1eddi gian \u0111\u1ecdc":"3 ph\u00fat"},"schema":{"@context":"https:\/\/schema.org","@graph":[{"@type":"WebPage","@id":"https:\/\/e2.com.vn\/vi\/tu-sach-e2\/thong-tin-cac-truong-co-yeu-to-nuoc-ngoai-tai-tp-hcm\/","url":"https:\/\/e2.com.vn\/vi\/tu-sach-e2\/thong-tin-cac-truong-co-yeu-to-nuoc-ngoai-tai-tp-hcm\/","name":"Th\u00f4ng tin c\u00e1c tr\u01b0\u1eddng c\u00f3 y\u1ebfu t\u1ed1 n\u01b0\u1edbc ngo\u00e0i t\u1ea1i TP.HCM - Everest Education","isPartOf":{"@id":"https:\/\/e2.com.vn\/#website"},"datePublished":"2019-10-11T04:02:26+00:00","dateModified":"2025-04-16T03:51:31+00:00","description":"\u0110\u01b0\u1ee3c t\u1ed5ng h\u1ee3p v\u00e0 bi\u00ean so\u1ea1n b\u1edfi Everest Education, cu\u1ed1n c\u1ea9m nang d\u01b0\u1edbi \u0111\u00e2y s\u1ebd mang l\u1ea1i th\u00f4ng tin chi ti\u1ebft nh\u1ea5t v\u1ec1 h\u1ec7 th\u1ed1ng tr\u01b0\u1eddng h\u1ecdc c\u00f3 y\u1ebfu t\u1ed1 n\u01b0\u1edbc ngo\u00e0i \u1edf th\u00e0nh ph\u1ed1 H\u1ed3 Ch\u00ed Minh, v\u1edbi hy v\u1ecdng c\u00f3 th\u1ec3 gi\u00fap qu\u00fd ph\u1ee5 huynh t\u00ecm \u0111\u01b0\u1ee3c ng\u00f4i tr\u01b0\u1eddng ph\u00f9 h\u1ee3p nh\u1ea5t cho con.","breadcrumb":{"@id":"https:\/\/e2.com.vn\/vi\/tu-sach-e2\/thong-tin-cac-truong-co-yeu-to-nuoc-ngoai-tai-tp-hcm\/#breadcrumb"},"inLanguage":"vi","potentialAction":[{"@type":"ReadAction","target":["https:\/\/e2.com.vn\/vi\/tu-sach-e2\/thong-tin-cac-truong-co-yeu-to-nuoc-ngoai-tai-tp-hcm\/"]}]},{"@type":"BreadcrumbList","@id":"https:\/\/e2.com.vn\/vi\/tu-sach-e2\/thong-tin-cac-truong-co-yeu-to-nuoc-ngoai-tai-tp-hcm\/#breadcrumb","itemListElement":[{"@type":"ListItem","position":1,"name":"Home","item":"https:\/\/e2.com.vn\/"},{"@type":"ListItem","position":2,"name":"T\u1ee7 s\u00e1ch E2","item":"https:\/\/e2.com.vn\/vi\/tu-sach-e2\/"},{"@type":"ListItem","position":3,"name":"Th\u00f4ng tin c\u00e1c tr\u01b0\u1eddng c\u00f3 y\u1ebfu t\u1ed1 n\u01b0\u1edbc ngo\u00e0i t\u1ea1i TP.HCM"}]},{"@type":"WebSite","@id":"https:\/\/e2.com.vn\/#website","url":"https:\/\/e2.com.vn\/","name":"Everest Education","description":"Ignite Your Learning","publisher":{"@id":"https:\/\/e2.com.vn\/#organization"},"potentialAction":[{"@type":"SearchAction","target":{"@type":"EntryPoint","urlTemplate":"https:\/\/e2.com.vn\/?s={search_term_string}"},"query-input":"required name=search_term_string"}],"inLanguage":"vi"},{"@type":"Organization","@id":"https:\/\/e2.com.vn\/#organization","name":"Everest Education","url":"https:\/\/e2.com.vn\/","logo":{"@type":"ImageObject","inLanguage":"vi","@id":"https:\/\/e2.com.vn\/#\/schema\/logo\/image\/","url":"https:\/\/e2.com.vn\/wp-content\/uploads\/2020\/05\/cropped-logo_e_new.png","contentUrl":"https:\/\/e2.com.vn\/wp-content\/uploads\/2020\/05\/cropped-logo_e_new.png","width":627,"height":180,"caption":"Everest Education"},"image":{"@id":"https:\/\/e2.com.vn\/#\/schema\/logo\/image\/"}}]}},"_links":{"self":[{"href":"https:\/\/e2.com.vn\/vi\/wp-json\/wp\/v2\/pages\/57747"}],"collection":[{"href":"https:\/\/e2.com.vn\/vi\/wp-json\/wp\/v2\/pages"}],"about":[{"href":"https:\/\/e2.com.vn\/vi\/wp-json\/wp\/v2\/types\/page"}],"author":[{"embeddable":true,"href":"https:\/\/e2.com.vn\/vi\/wp-json\/wp\/v2\/users\/1"}],"replies":[{"embeddable":true,"href":"https:\/\/e2.com.vn\/vi\/wp-json\/wp\/v2\/comments?post=57747"}],"version-history":[{"count":18,"href":"https:\/\/e2.com.vn\/vi\/wp-json\/wp\/v2\/pages\/57747\/revisions"}],"predecessor-version":[{"id":97291,"href":"https:\/\/e2.com.vn\/vi\/wp-json\/wp\/v2\/pages\/57747\/revisions\/97291"}],"up":[{"embeddable":true,"href":"https:\/\/e2.com.vn\/vi\/wp-json\/wp\/v2\/pages\/34187"}],"wp:featuredmedia":[{"embeddable":true,"href":"https:\/\/e2.com.vn\/vi\/wp-json\/wp\/v2\/media\/55912"}],"wp:attachment":[{"href":"https:\/\/e2.com.vn\/vi\/wp-json\/wp\/v2\/media?parent=57747"}],"curies":[{"name":"wp","href":"https:\/\/api.w.org\/{rel}","templated":true}]}}