{"id":57770,"date":"2020-09-28T16:54:33","date_gmt":"2020-09-28T09:54:33","guid":{"rendered":"http:\/\/e2.com.vn\/tu-sach-e2\/high-school-roadmaps-and-international-qualifications-a-levels-ap-and-ib\/"},"modified":"2021-03-17T21:58:35","modified_gmt":"2021-03-17T14:58:35","slug":"chuong-trinh-thpt-va-cac-bang-cap-chung-chi-quoc-te-a-levels-ap-va-ib","status":"publish","type":"page","link":"https:\/\/e2.com.vn\/vi\/tu-sach-e2\/chuong-trinh-thpt-va-cac-bang-cap-chung-chi-quoc-te-a-levels-ap-va-ib\/","title":{"rendered":"Ch\u01b0\u01a1ng tr\u00ecnh THPT v\u00e0 c\u00e1c b\u1eb1ng c\u1ea5p\/ ch\u1ee9ng ch\u1ec9 qu\u1ed1c t\u1ebf \u2013 A Levels, AP v\u00e0 IB"},"content":{"rendered":"\t\t<div data-elementor-type=\"wp-page\" data-elementor-id=\"57770\" class=\"elementor elementor-57770 elementor-57468\" data-elementor-post-type=\"page\">\n\t\t\t\t\t\t<section class=\"elementor-section elementor-top-section elementor-element elementor-element-3dbb543b elementor-section-full_width elementor-section-height-default elementor-section-height-default\" data-id=\"3dbb543b\" data-element_type=\"section\">\n\t\t\t\t\t\t<div class=\"elementor-container elementor-column-gap-no\">\n\t\t\t\t\t<div class=\"elementor-column elementor-col-100 elementor-top-column elementor-element elementor-element-642dab70\" data-id=\"642dab70\" data-element_type=\"column\">\n\t\t\t<div class=\"elementor-widget-wrap elementor-element-populated\">\n\t\t\t\t\t\t<div class=\"elementor-element elementor-element-35439458 elementor--h-position-center elementor--v-position-middle elementor-arrows-position-inside elementor-pagination-position-inside elementor-widget elementor-widget-slides\" data-id=\"35439458\" data-element_type=\"widget\" data-settings=\"{&quot;navigation&quot;:&quot;both&quot;,&quot;autoplay&quot;:&quot;yes&quot;,&quot;pause_on_hover&quot;:&quot;yes&quot;,&quot;pause_on_interaction&quot;:&quot;yes&quot;,&quot;autoplay_speed&quot;:5000,&quot;infinite&quot;:&quot;yes&quot;,&quot;transition&quot;:&quot;slide&quot;,&quot;transition_speed&quot;:500}\" data-widget_type=\"slides.default\">\n\t\t\t\t<div class=\"elementor-widget-container\">\n\t\t\t\t\t<div class=\"elementor-swiper\">\n\t\t\t<div class=\"elementor-slides-wrapper elementor-main-swiper swiper\" dir=\"ltr\" data-animation=\"fadeInUp\">\n\t\t\t\t<div class=\"swiper-wrapper elementor-slides\">\n\t\t\t\t\t\t\t\t\t\t<div class=\"elementor-repeater-item-8f5b9a8 swiper-slide\"><div class=\"swiper-slide-bg\" role=\"img\"><\/div><div class=\"elementor-background-overlay\"><\/div><div class=\"swiper-slide-inner\" ><div class=\"swiper-slide-contents\"><div class=\"elementor-slide-heading\">Ch\u01b0\u01a1ng tr\u00ecnh THPT v\u00e0 c\u00e1c b\u1eb1ng c\u1ea5p\/ ch\u1ee9ng ch\u1ec9 qu\u1ed1c t\u1ebf \u2013 A Levels, AP v\u00e0 IB<\/div><a href=\"https:\/\/docs.google.com\/forms\/d\/e\/1FAIpQLSegpaewenjZ3PgRADssLmkNFvZ32r_-LNs5Jh6ziSwtME6QjQ\/viewform?usp=pp_url&#038;entry.1130294019=High+School+Roadmaps+and+International+Qualifications+-+A+Levels+AP+and+IB&#038;entry.353902218=Vietnamese\" target=\"_blank\" class=\"elementor-button elementor-slide-button elementor-size-sm\">\u0110\u0103ng k\u00fd<\/a><\/div><\/div><\/div>\t\t\t\t<\/div>\n\t\t\t\t\t\t\t<\/div>\n\t\t<\/div>\n\t\t\t\t<\/div>\n\t\t\t\t<\/div>\n\t\t\t\t\t<\/div>\n\t\t<\/div>\n\t\t\t\t\t<\/div>\n\t\t<\/section>\n\t\t\t\t<section class=\"elementor-section elementor-top-section elementor-element elementor-element-54ebc5d3 elementor-section-boxed elementor-section-height-default elementor-section-height-default\" data-id=\"54ebc5d3\" data-element_type=\"section\">\n\t\t\t\t\t\t<div class=\"elementor-container elementor-column-gap-default\">\n\t\t\t\t\t<div class=\"elementor-column elementor-col-100 elementor-top-column elementor-element elementor-element-3fae1944\" data-id=\"3fae1944\" data-element_type=\"column\">\n\t\t\t<div class=\"elementor-widget-wrap elementor-element-populated\">\n\t\t\t\t\t\t<div class=\"elementor-element elementor-element-721d0826 elementor-widget elementor-widget-spacer\" data-id=\"721d0826\" data-element_type=\"widget\" data-widget_type=\"spacer.default\">\n\t\t\t\t<div class=\"elementor-widget-container\">\n\t\t\t\t\t<div class=\"elementor-spacer\">\n\t\t\t<div class=\"elementor-spacer-inner\"><\/div>\n\t\t<\/div>\n\t\t\t\t<\/div>\n\t\t\t\t<\/div>\n\t\t\t\t\t<\/div>\n\t\t<\/div>\n\t\t\t\t\t<\/div>\n\t\t<\/section>\n\t\t\t\t<section class=\"elementor-section elementor-top-section elementor-element elementor-element-3484d35e elementor-section-boxed elementor-section-height-default elementor-section-height-default\" data-id=\"3484d35e\" data-element_type=\"section\">\n\t\t\t\t\t\t<div class=\"elementor-container elementor-column-gap-wider\">\n\t\t\t\t\t<div class=\"elementor-column elementor-col-66 elementor-top-column elementor-element elementor-element-1b74ee15\" data-id=\"1b74ee15\" data-element_type=\"column\">\n\t\t\t<div class=\"elementor-widget-wrap elementor-element-populated\">\n\t\t\t\t\t\t<div class=\"elementor-element elementor-element-36a4add elementor-widget elementor-widget-heading\" data-id=\"36a4add\" data-element_type=\"widget\" data-widget_type=\"heading.default\">\n\t\t\t\t<div class=\"elementor-widget-container\">\n\t\t\t<h3 class=\"elementor-heading-title elementor-size-large\">Ch\u01b0\u01a1ng tr\u00ecnh THPT v\u00e0 c\u00e1c b\u1eb1ng c\u1ea5p\/ch\u1ee9ng ch\u1ec9 qu\u1ed1c t\u1ebf - A Levels, AP and IB<\/h3>\t\t<\/div>\n\t\t\t\t<\/div>\n\t\t\t\t<div class=\"elementor-element elementor-element-1886af3d elementor-widget elementor-widget-text-editor\" data-id=\"1886af3d\" data-element_type=\"widget\" data-widget_type=\"text-editor.default\">\n\t\t\t\t<div class=\"elementor-widget-container\">\n\t\t\t\t\t\t\t<p>\u2753 Ch\u01b0\u01a1ng tr\u00ecnh T\u00fa t\u00e0i qu\u1ed1c t\u1ebf (IB) l\u00e0 g\u00ec?<br \/>\u2753 A Levels, AP v\u00e0 IB kh\u00e1c nhau nh\u01b0 th\u1ebf n\u00e0o?<br \/>\u2753 Ch\u01b0\u01a1ng tr\u00ecnh n\u00e0o \u0111\u01b0\u1ee3c c\u00e1c tr\u01b0\u1eddng \u0111\u1ea1i h\u1ecdc \u01b0a chu\u1ed9ng? T\u00fa t\u00e0i qu\u1ed1c t\u1ebf c\u00f3 t\u1ed1t h\u01a1n c\u00e1c ch\u01b0\u01a1ng tr\u00ecnh kh\u00e1c kh\u00f4ng?<br \/>\u2753 B\u1eb1ng c\u1ea5p n\u00e0o c\u00f3 gi\u00e1 tr\u1ecb h\u01a1n khi l\u00e0m h\u1ed3 s\u01a1 du h\u1ecdc?<br \/>\u2753 Ch\u01b0\u01a1ng tr\u00ecnh T\u00fa t\u00e0i qu\u1ed1c t\u1ebf c\u00f3 th\u1ef1c s\u1ef1 t\u1ed1t h\u01a1n AP hay A Levels?<\/p><p>\u0110\u1ec3 gi\u00fap qu\u00fd ph\u1ee5 huynh hi\u1ec3u r\u00f5 h\u01a1n v\u1ec1 3 ch\u01b0\u01a1ng tr\u00ecnh h\u1ecdc THPT ph\u1ed5 bi\u1ebfn v\u00e0 danh gi\u00e1 nh\u1ea5t th\u1ebf gi\u1edbi n\u00e0y, Everest Education xin \u0111\u01b0\u1ee3c gi\u1edbi thi\u1ec7u c\u1ea9m nang:<strong>\u00a0\u201cCh\u01b0\u01a1ng tr\u00ecnh THPT v\u00e0 c\u00e1c b\u1eb1ng c\u1ea5p\/ ch\u1ee9ng ch\u1ec9 qu\u1ed1c t\u1ebf \u2013 A Levels, AP v\u00e0 IB\u201d.<\/strong><\/p>\t\t\t\t\t\t<\/div>\n\t\t\t\t<\/div>\n\t\t\t\t<div class=\"elementor-element elementor-element-cbdfab5 elementor-widget elementor-widget-spacer\" data-id=\"cbdfab5\" data-element_type=\"widget\" data-widget_type=\"spacer.default\">\n\t\t\t\t<div class=\"elementor-widget-container\">\n\t\t\t\t\t<div class=\"elementor-spacer\">\n\t\t\t<div class=\"elementor-spacer-inner\"><\/div>\n\t\t<\/div>\n\t\t\t\t<\/div>\n\t\t\t\t<\/div>\n\t\t\t\t<div class=\"elementor-element elementor-element-6700dc7 elementor-widget elementor-widget-heading\" data-id=\"6700dc7\" data-element_type=\"widget\" data-widget_type=\"heading.default\">\n\t\t\t\t<div class=\"elementor-widget-container\">\n\t\t\t<h3 class=\"elementor-heading-title elementor-size-large\">Cu\u1ed1n s\u00e1ch s\u1ebd gi\u1ea3i \u0111\u00e1p t\u1ea5t c\u1ea3 nh\u1eefng th\u1eafc m\u1eafc c\u1ee7a cha m\u1eb9 v\u1ec1:<\/h3>\t\t<\/div>\n\t\t\t\t<\/div>\n\t\t\t\t<div class=\"elementor-element elementor-element-3954fc9c elementor-widget elementor-widget-text-editor\" data-id=\"3954fc9c\" data-element_type=\"widget\" data-widget_type=\"text-editor.default\">\n\t\t\t\t<div class=\"elementor-widget-container\">\n\t\t\t\t\t\t\t<p>\u2714\ufe0f T\u1ed5ng quan v\u1ec1 A Levels, AP v\u00e0 IB \u2013 3 ch\u01b0\u01a1ng tr\u00ecnh h\u1ecdc h\u1ecdc danh gi\u00e1 v\u00e0 ph\u1ed5 bi\u1ebfn nh\u1ea5t d\u00e0nh cho h\u1ecdc sinh Trung h\u1ecdc Ph\u1ed5 th\u00f4ng Qu\u1ed1c t\u1ebf.<br \/>\u2714\ufe0f H\u1ecdc sinh n\u00ean ch\u1ecdn ch\u01b0\u01a1ng tr\u00ecnh h\u1ecdc n\u00e0o?<br \/>\u2714\ufe0f \u0110i\u1ec1u ki\u1ec7n theo h\u1ecdc, kh\u1ed1i l\u01b0\u1ee3ng ki\u1ebfn th\u1ee9c, ph\u01b0\u01a1ng ph\u00e1p gi\u1ea3ng d\u1ea1y v\u00e0 c\u1ea5u tr\u00fac thi c\u1ee7a t\u1eebng ch\u01b0\u01a1ng tr\u00ecnh\u200b.<\/p>\t\t\t\t\t\t<\/div>\n\t\t\t\t<\/div>\n\t\t\t\t<div class=\"elementor-element elementor-element-11ad893 elementor-widget elementor-widget-spacer\" data-id=\"11ad893\" data-element_type=\"widget\" data-widget_type=\"spacer.default\">\n\t\t\t\t<div class=\"elementor-widget-container\">\n\t\t\t\t\t<div class=\"elementor-spacer\">\n\t\t\t<div class=\"elementor-spacer-inner\"><\/div>\n\t\t<\/div>\n\t\t\t\t<\/div>\n\t\t\t\t<\/div>\n\t\t\t\t<div class=\"elementor-element elementor-element-b296d2f elementor-align-left elementor-widget elementor-widget-button\" data-id=\"b296d2f\" data-element_type=\"widget\" data-widget_type=\"button.default\">\n\t\t\t\t<div class=\"elementor-widget-container\">\n\t\t\t\t\t<div class=\"elementor-button-wrapper\">\n\t\t\t<a class=\"elementor-button elementor-button-link elementor-size-sm\" href=\"https:\/\/docs.google.com\/forms\/d\/e\/1FAIpQLSegpaewenjZ3PgRADssLmkNFvZ32r_-LNs5Jh6ziSwtME6QjQ\/viewform?usp=pp_url&#038;entry.1130294019=High+School+Roadmaps+and+International+Qualifications+-+A+Levels+AP+and+IB&#038;entry.353902218=Vietnamese\" target=\"_blank\">\n\t\t\t\t\t\t<span class=\"elementor-button-content-wrapper\">\n\t\t\t\t\t\t<span class=\"elementor-button-text\">T\u1ea3i v\u1ec1<\/span>\n\t\t<\/span>\n\t\t\t\t\t<\/a>\n\t\t<\/div>\n\t\t\t\t<\/div>\n\t\t\t\t<\/div>\n\t\t\t\t<div class=\"elementor-element elementor-element-88adaaf elementor-widget elementor-widget-spacer\" data-id=\"88adaaf\" data-element_type=\"widget\" data-widget_type=\"spacer.default\">\n\t\t\t\t<div class=\"elementor-widget-container\">\n\t\t\t\t\t<div class=\"elementor-spacer\">\n\t\t\t<div class=\"elementor-spacer-inner\"><\/div>\n\t\t<\/div>\n\t\t\t\t<\/div>\n\t\t\t\t<\/div>\n\t\t\t\t\t<\/div>\n\t\t<\/div>\n\t\t\t\t<div class=\"elementor-column elementor-col-33 elementor-top-column elementor-element elementor-element-3d8f0f03\" data-id=\"3d8f0f03\" data-element_type=\"column\">\n\t\t\t<div class=\"elementor-widget-wrap elementor-element-populated\">\n\t\t\t\t\t\t<div class=\"elementor-element elementor-element-5822e85 elementor-widget-divider--view-line_icon elementor-view-default elementor-widget-divider--element-align-center elementor-widget elementor-widget-divider\" data-id=\"5822e85\" data-element_type=\"widget\" data-widget_type=\"divider.default\">\n\t\t\t\t<div class=\"elementor-widget-container\">\n\t\t\t\t\t<div class=\"elementor-divider\">\n\t\t\t<span class=\"elementor-divider-separator\">\n\t\t\t\t\t\t\t<div class=\"elementor-icon elementor-divider__element\">\n\t\t\t\t\t<i aria-hidden=\"true\" class=\"fas fa-quote-left\"><\/i><\/div>\n\t\t\t\t\t\t<\/span>\n\t\t<\/div>\n\t\t\t\t<\/div>\n\t\t\t\t<\/div>\n\t\t\t\t<div class=\"elementor-element elementor-element-5097a1d elementor-widget elementor-widget-text-editor\" data-id=\"5097a1d\" data-element_type=\"widget\" data-widget_type=\"text-editor.default\">\n\t\t\t\t<div class=\"elementor-widget-container\">\n\t\t\t\t\t\t\t<p style=\"text-align: center;\"><strong>Ch\u01b0\u01a1ng tr\u00ecnh T\u00fa t\u00e0i qu\u1ed1c t\u1ebf (International Baccalaureate), AP (Advanced Placement) v\u00e0 A Levels (Advanced Levels) l\u00e0 nh\u1eefng ch\u1ee9ng ch\u1ec9 trung h\u1ecdc qu\u1ed1c t\u1ebf r\u1ea5t ph\u1ed5 bi\u1ebfn tr\u00ean to\u00e0n th\u1ebf gi\u1edbi. M\u1eb7c d\u00f9 c\u00f3 nh\u1eefng \u0111i\u1ec3m t\u01b0\u01a1ng \u0111\u1ed3ng, 3 ch\u01b0\u01a1ng tr\u00ecnh n\u00e0y c\u0169ng c\u00f3 nhi\u1ec1u kh\u00e1c bi\u1ec7t r\u1ea5t l\u1edbn. V\u1eady, cha m\u1eb9 n\u00ean l\u1ef1a ch\u1ecdn ch\u01b0\u01a1ng tr\u00ecnh n\u00e0o cho con?<\/strong><\/p>\t\t\t\t\t\t<\/div>\n\t\t\t\t<\/div>\n\t\t\t\t\t<\/div>\n\t\t<\/div>\n\t\t\t\t\t<\/div>\n\t\t<\/section>\n\t\t\t\t<\/div>\n\t\t","protected":false},"excerpt":{"rendered":"<p>This guidebook will cover all your concerns with every detail about the international school system in Ho Chi Minh City and to provide you key insights to make the right decision for your child.<\/p>\n","protected":false},"author":1,"featured_media":57198,"parent":34187,"menu_order":0,"comment_status":"closed","ping_status":"closed","template":"","meta":{"_links_to":"","_links_to_target":""},"yoast_head":"<!-- This site is optimized with the Yoast SEO plugin v19.11 - https:\/\/yoast.com\/wordpress\/plugins\/seo\/ -->\n<title>Ch\u01b0\u01a1ng tr\u00ecnh THPT v\u00e0 c\u00e1c b\u1eb1ng c\u1ea5p\/ ch\u1ee9ng ch\u1ec9 qu\u1ed1c t\u1ebf \u2013 A Levels, AP v\u00e0 IB - Everest Education<\/title>\n<meta name=\"description\" content=\"Ch\u01b0\u01a1ng tr\u00ecnh T\u00fa t\u00e0i qu\u1ed1c t\u1ebf (International Baccalaureate), AP (Advanced Placement) v\u00e0 A Levels (Advanced Levels) l\u00e0 nh\u1eefng ch\u1ee9ng ch\u1ec9 trung h\u1ecdc qu\u1ed1c t\u1ebf r\u1ea5t ph\u1ed5 bi\u1ebfn tr\u00ean to\u00e0n th\u1ebf gi\u1edbi. Cha m\u1eb9 n\u00ean l\u1ef1a ch\u1ecdn ch\u01b0\u01a1ng tr\u00ecnh n\u00e0o cho con?\" \/>\n<meta name=\"robots\" content=\"index, follow, max-snippet:-1, max-image-preview:large, max-video-preview:-1\" \/>\n<link rel=\"canonical\" href=\"https:\/\/e2.com.vn\/vi\/tu-sach-e2\/chuong-trinh-thpt-va-cac-bang-cap-chung-chi-quoc-te-a-levels-ap-va-ib\/\" \/>\n<meta property=\"og:locale\" content=\"vi_VN\" \/>\n<meta property=\"og:type\" content=\"article\" \/>\n<meta property=\"og:title\" content=\"Ch\u01b0\u01a1ng tr\u00ecnh THPT v\u00e0 c\u00e1c b\u1eb1ng c\u1ea5p\/ ch\u1ee9ng ch\u1ec9 qu\u1ed1c t\u1ebf \u2013 A Levels, AP v\u00e0 IB - Everest Education\" \/>\n<meta property=\"og:description\" content=\"Ch\u01b0\u01a1ng tr\u00ecnh T\u00fa t\u00e0i qu\u1ed1c t\u1ebf (International Baccalaureate), AP (Advanced Placement) v\u00e0 A Levels (Advanced Levels) l\u00e0 nh\u1eefng ch\u1ee9ng ch\u1ec9 trung h\u1ecdc qu\u1ed1c t\u1ebf r\u1ea5t ph\u1ed5 bi\u1ebfn tr\u00ean to\u00e0n th\u1ebf gi\u1edbi. Cha m\u1eb9 n\u00ean l\u1ef1a ch\u1ecdn ch\u01b0\u01a1ng tr\u00ecnh n\u00e0o cho con?\" \/>\n<meta property=\"og:url\" content=\"https:\/\/e2.com.vn\/vi\/tu-sach-e2\/chuong-trinh-thpt-va-cac-bang-cap-chung-chi-quoc-te-a-levels-ap-va-ib\/\" \/>\n<meta property=\"og:site_name\" content=\"Everest Education\" \/>\n<meta property=\"article:modified_time\" content=\"2021-03-17T14:58:35+00:00\" \/>\n<meta property=\"og:image\" content=\"https:\/\/e2.com.vn\/wp-content\/uploads\/2020\/09\/international-qualifications.jpg\" \/>\n\t<meta property=\"og:image:width\" content=\"1256\" \/>\n\t<meta property=\"og:image:height\" content=\"598\" \/>\n\t<meta property=\"og:image:type\" content=\"image\/jpeg\" \/>\n<meta name=\"twitter:card\" content=\"summary_large_image\" \/>\n<meta name=\"twitter:label1\" content=\"\u01af\u1edbc t\u00ednh th\u1eddi gian \u0111\u1ecdc\" \/>\n\t<meta name=\"twitter:data1\" content=\"2 ph\u00fat\" \/>\n<script type=\"application\/ld+json\" class=\"yoast-schema-graph\">{\"@context\":\"https:\/\/schema.org\",\"@graph\":[{\"@type\":\"WebPage\",\"@id\":\"https:\/\/e2.com.vn\/vi\/tu-sach-e2\/chuong-trinh-thpt-va-cac-bang-cap-chung-chi-quoc-te-a-levels-ap-va-ib\/\",\"url\":\"https:\/\/e2.com.vn\/vi\/tu-sach-e2\/chuong-trinh-thpt-va-cac-bang-cap-chung-chi-quoc-te-a-levels-ap-va-ib\/\",\"name\":\"Ch\u01b0\u01a1ng tr\u00ecnh THPT v\u00e0 c\u00e1c b\u1eb1ng c\u1ea5p\/ ch\u1ee9ng ch\u1ec9 qu\u1ed1c t\u1ebf \u2013 A Levels, AP v\u00e0 IB - Everest Education\",\"isPartOf\":{\"@id\":\"https:\/\/e2.com.vn\/#website\"},\"datePublished\":\"2020-09-28T09:54:33+00:00\",\"dateModified\":\"2021-03-17T14:58:35+00:00\",\"description\":\"Ch\u01b0\u01a1ng tr\u00ecnh T\u00fa t\u00e0i qu\u1ed1c t\u1ebf (International Baccalaureate), AP (Advanced Placement) v\u00e0 A Levels (Advanced Levels) l\u00e0 nh\u1eefng ch\u1ee9ng ch\u1ec9 trung h\u1ecdc qu\u1ed1c t\u1ebf r\u1ea5t ph\u1ed5 bi\u1ebfn tr\u00ean to\u00e0n th\u1ebf gi\u1edbi. Cha m\u1eb9 n\u00ean l\u1ef1a ch\u1ecdn ch\u01b0\u01a1ng tr\u00ecnh n\u00e0o cho con?\",\"breadcrumb\":{\"@id\":\"https:\/\/e2.com.vn\/vi\/tu-sach-e2\/chuong-trinh-thpt-va-cac-bang-cap-chung-chi-quoc-te-a-levels-ap-va-ib\/#breadcrumb\"},\"inLanguage\":\"vi\",\"potentialAction\":[{\"@type\":\"ReadAction\",\"target\":[\"https:\/\/e2.com.vn\/vi\/tu-sach-e2\/chuong-trinh-thpt-va-cac-bang-cap-chung-chi-quoc-te-a-levels-ap-va-ib\/\"]}]},{\"@type\":\"BreadcrumbList\",\"@id\":\"https:\/\/e2.com.vn\/vi\/tu-sach-e2\/chuong-trinh-thpt-va-cac-bang-cap-chung-chi-quoc-te-a-levels-ap-va-ib\/#breadcrumb\",\"itemListElement\":[{\"@type\":\"ListItem\",\"position\":1,\"name\":\"Home\",\"item\":\"https:\/\/e2.com.vn\/\"},{\"@type\":\"ListItem\",\"position\":2,\"name\":\"T\u1ee7 s\u00e1ch E2\",\"item\":\"https:\/\/e2.com.vn\/vi\/tu-sach-e2\/\"},{\"@type\":\"ListItem\",\"position\":3,\"name\":\"Ch\u01b0\u01a1ng tr\u00ecnh THPT v\u00e0 c\u00e1c b\u1eb1ng c\u1ea5p\/ ch\u1ee9ng ch\u1ec9 qu\u1ed1c t\u1ebf \u2013 A Levels, AP v\u00e0 IB\"}]},{\"@type\":\"WebSite\",\"@id\":\"https:\/\/e2.com.vn\/#website\",\"url\":\"https:\/\/e2.com.vn\/\",\"name\":\"Everest Education\",\"description\":\"Ignite Your Learning\",\"publisher\":{\"@id\":\"https:\/\/e2.com.vn\/#organization\"},\"potentialAction\":[{\"@type\":\"SearchAction\",\"target\":{\"@type\":\"EntryPoint\",\"urlTemplate\":\"https:\/\/e2.com.vn\/?s={search_term_string}\"},\"query-input\":\"required name=search_term_string\"}],\"inLanguage\":\"vi\"},{\"@type\":\"Organization\",\"@id\":\"https:\/\/e2.com.vn\/#organization\",\"name\":\"Everest Education\",\"url\":\"https:\/\/e2.com.vn\/\",\"logo\":{\"@type\":\"ImageObject\",\"inLanguage\":\"vi\",\"@id\":\"https:\/\/e2.com.vn\/#\/schema\/logo\/image\/\",\"url\":\"https:\/\/e2.com.vn\/wp-content\/uploads\/2020\/05\/cropped-logo_e_new.png\",\"contentUrl\":\"https:\/\/e2.com.vn\/wp-content\/uploads\/2020\/05\/cropped-logo_e_new.png\",\"width\":627,\"height\":180,\"caption\":\"Everest Education\"},\"image\":{\"@id\":\"https:\/\/e2.com.vn\/#\/schema\/logo\/image\/\"}}]}<\/script>\n<!-- \/ Yoast SEO plugin. -->","yoast_head_json":{"title":"Ch\u01b0\u01a1ng tr\u00ecnh THPT v\u00e0 c\u00e1c b\u1eb1ng c\u1ea5p\/ ch\u1ee9ng ch\u1ec9 qu\u1ed1c t\u1ebf \u2013 A Levels, AP v\u00e0 IB - Everest Education","description":"Ch\u01b0\u01a1ng tr\u00ecnh T\u00fa t\u00e0i qu\u1ed1c t\u1ebf (International Baccalaureate), AP (Advanced Placement) v\u00e0 A Levels (Advanced Levels) l\u00e0 nh\u1eefng ch\u1ee9ng ch\u1ec9 trung h\u1ecdc qu\u1ed1c t\u1ebf r\u1ea5t ph\u1ed5 bi\u1ebfn tr\u00ean to\u00e0n th\u1ebf gi\u1edbi. Cha m\u1eb9 n\u00ean l\u1ef1a ch\u1ecdn ch\u01b0\u01a1ng tr\u00ecnh n\u00e0o cho con?","robots":{"index":"index","follow":"follow","max-snippet":"max-snippet:-1","max-image-preview":"max-image-preview:large","max-video-preview":"max-video-preview:-1"},"canonical":"https:\/\/e2.com.vn\/vi\/tu-sach-e2\/chuong-trinh-thpt-va-cac-bang-cap-chung-chi-quoc-te-a-levels-ap-va-ib\/","og_locale":"vi_VN","og_type":"article","og_title":"Ch\u01b0\u01a1ng tr\u00ecnh THPT v\u00e0 c\u00e1c b\u1eb1ng c\u1ea5p\/ ch\u1ee9ng ch\u1ec9 qu\u1ed1c t\u1ebf \u2013 A Levels, AP v\u00e0 IB - Everest Education","og_description":"Ch\u01b0\u01a1ng tr\u00ecnh T\u00fa t\u00e0i qu\u1ed1c t\u1ebf (International Baccalaureate), AP (Advanced Placement) v\u00e0 A Levels (Advanced Levels) l\u00e0 nh\u1eefng ch\u1ee9ng ch\u1ec9 trung h\u1ecdc qu\u1ed1c t\u1ebf r\u1ea5t ph\u1ed5 bi\u1ebfn tr\u00ean to\u00e0n th\u1ebf gi\u1edbi. Cha m\u1eb9 n\u00ean l\u1ef1a ch\u1ecdn ch\u01b0\u01a1ng tr\u00ecnh n\u00e0o cho con?","og_url":"https:\/\/e2.com.vn\/vi\/tu-sach-e2\/chuong-trinh-thpt-va-cac-bang-cap-chung-chi-quoc-te-a-levels-ap-va-ib\/","og_site_name":"Everest Education","article_modified_time":"2021-03-17T14:58:35+00:00","og_image":[{"width":1256,"height":598,"url":"https:\/\/e2.com.vn\/wp-content\/uploads\/2020\/09\/international-qualifications.jpg","type":"image\/jpeg"}],"twitter_card":"summary_large_image","twitter_misc":{"\u01af\u1edbc t\u00ednh th\u1eddi gian \u0111\u1ecdc":"2 ph\u00fat"},"schema":{"@context":"https:\/\/schema.org","@graph":[{"@type":"WebPage","@id":"https:\/\/e2.com.vn\/vi\/tu-sach-e2\/chuong-trinh-thpt-va-cac-bang-cap-chung-chi-quoc-te-a-levels-ap-va-ib\/","url":"https:\/\/e2.com.vn\/vi\/tu-sach-e2\/chuong-trinh-thpt-va-cac-bang-cap-chung-chi-quoc-te-a-levels-ap-va-ib\/","name":"Ch\u01b0\u01a1ng tr\u00ecnh THPT v\u00e0 c\u00e1c b\u1eb1ng c\u1ea5p\/ ch\u1ee9ng ch\u1ec9 qu\u1ed1c t\u1ebf \u2013 A Levels, AP v\u00e0 IB - Everest Education","isPartOf":{"@id":"https:\/\/e2.com.vn\/#website"},"datePublished":"2020-09-28T09:54:33+00:00","dateModified":"2021-03-17T14:58:35+00:00","description":"Ch\u01b0\u01a1ng tr\u00ecnh T\u00fa t\u00e0i qu\u1ed1c t\u1ebf (International Baccalaureate), AP (Advanced Placement) v\u00e0 A Levels (Advanced Levels) l\u00e0 nh\u1eefng ch\u1ee9ng ch\u1ec9 trung h\u1ecdc qu\u1ed1c t\u1ebf r\u1ea5t ph\u1ed5 bi\u1ebfn tr\u00ean to\u00e0n th\u1ebf gi\u1edbi. Cha m\u1eb9 n\u00ean l\u1ef1a ch\u1ecdn ch\u01b0\u01a1ng tr\u00ecnh n\u00e0o cho con?","breadcrumb":{"@id":"https:\/\/e2.com.vn\/vi\/tu-sach-e2\/chuong-trinh-thpt-va-cac-bang-cap-chung-chi-quoc-te-a-levels-ap-va-ib\/#breadcrumb"},"inLanguage":"vi","potentialAction":[{"@type":"ReadAction","target":["https:\/\/e2.com.vn\/vi\/tu-sach-e2\/chuong-trinh-thpt-va-cac-bang-cap-chung-chi-quoc-te-a-levels-ap-va-ib\/"]}]},{"@type":"BreadcrumbList","@id":"https:\/\/e2.com.vn\/vi\/tu-sach-e2\/chuong-trinh-thpt-va-cac-bang-cap-chung-chi-quoc-te-a-levels-ap-va-ib\/#breadcrumb","itemListElement":[{"@type":"ListItem","position":1,"name":"Home","item":"https:\/\/e2.com.vn\/"},{"@type":"ListItem","position":2,"name":"T\u1ee7 s\u00e1ch E2","item":"https:\/\/e2.com.vn\/vi\/tu-sach-e2\/"},{"@type":"ListItem","position":3,"name":"Ch\u01b0\u01a1ng tr\u00ecnh THPT v\u00e0 c\u00e1c b\u1eb1ng c\u1ea5p\/ ch\u1ee9ng ch\u1ec9 qu\u1ed1c t\u1ebf \u2013 A Levels, AP v\u00e0 IB"}]},{"@type":"WebSite","@id":"https:\/\/e2.com.vn\/#website","url":"https:\/\/e2.com.vn\/","name":"Everest Education","description":"Ignite Your Learning","publisher":{"@id":"https:\/\/e2.com.vn\/#organization"},"potentialAction":[{"@type":"SearchAction","target":{"@type":"EntryPoint","urlTemplate":"https:\/\/e2.com.vn\/?s={search_term_string}"},"query-input":"required name=search_term_string"}],"inLanguage":"vi"},{"@type":"Organization","@id":"https:\/\/e2.com.vn\/#organization","name":"Everest Education","url":"https:\/\/e2.com.vn\/","logo":{"@type":"ImageObject","inLanguage":"vi","@id":"https:\/\/e2.com.vn\/#\/schema\/logo\/image\/","url":"https:\/\/e2.com.vn\/wp-content\/uploads\/2020\/05\/cropped-logo_e_new.png","contentUrl":"https:\/\/e2.com.vn\/wp-content\/uploads\/2020\/05\/cropped-logo_e_new.png","width":627,"height":180,"caption":"Everest Education"},"image":{"@id":"https:\/\/e2.com.vn\/#\/schema\/logo\/image\/"}}]}},"_links":{"self":[{"href":"https:\/\/e2.com.vn\/vi\/wp-json\/wp\/v2\/pages\/57770"}],"collection":[{"href":"https:\/\/e2.com.vn\/vi\/wp-json\/wp\/v2\/pages"}],"about":[{"href":"https:\/\/e2.com.vn\/vi\/wp-json\/wp\/v2\/types\/page"}],"author":[{"embeddable":true,"href":"https:\/\/e2.com.vn\/vi\/wp-json\/wp\/v2\/users\/1"}],"replies":[{"embeddable":true,"href":"https:\/\/e2.com.vn\/vi\/wp-json\/wp\/v2\/comments?post=57770"}],"version-history":[{"count":0,"href":"https:\/\/e2.com.vn\/vi\/wp-json\/wp\/v2\/pages\/57770\/revisions"}],"up":[{"embeddable":true,"href":"https:\/\/e2.com.vn\/vi\/wp-json\/wp\/v2\/pages\/34187"}],"wp:featuredmedia":[{"embeddable":true,"href":"https:\/\/e2.com.vn\/vi\/wp-json\/wp\/v2\/media\/57198"}],"wp:attachment":[{"href":"https:\/\/e2.com.vn\/vi\/wp-json\/wp\/v2\/media?parent=57770"}],"curies":[{"name":"wp","href":"https:\/\/api.w.org\/{rel}","templated":true}]}}