{"id":58329,"date":"2020-10-10T21:53:57","date_gmt":"2020-10-10T14:53:57","guid":{"rendered":"http:\/\/e2.com.vn\/installment-program\/"},"modified":"2021-01-04T09:51:56","modified_gmt":"2021-01-04T02:51:56","slug":"chuong-trinh-tra-gop-hoc-phi","status":"publish","type":"page","link":"https:\/\/e2.com.vn\/vi\/chuong-trinh-tra-gop-hoc-phi\/","title":{"rendered":"Ch\u01b0\u01a1ng Tr\u00ecnh Tr\u1ea3 G\u00f3p H\u1ecdc Ph\u00ed L\u00e3i Su\u1ea5t 0%"},"content":{"rendered":"\t\t<div data-elementor-type=\"wp-page\" data-elementor-id=\"58329\" class=\"elementor elementor-58329 elementor-58319\" data-elementor-post-type=\"page\">\n\t\t\t\t\t\t<section class=\"elementor-section elementor-top-section elementor-element elementor-element-71a5917 elementor-section-full_width elementor-section-height-default elementor-section-height-default\" data-id=\"71a5917\" data-element_type=\"section\">\n\t\t\t\t\t\t<div class=\"elementor-container elementor-column-gap-no\">\n\t\t\t\t\t<div class=\"elementor-column elementor-col-100 elementor-top-column elementor-element elementor-element-dfdbd6b\" data-id=\"dfdbd6b\" data-element_type=\"column\">\n\t\t\t<div class=\"elementor-widget-wrap elementor-element-populated\">\n\t\t\t\t\t\t<div class=\"elementor-element elementor-element-54f93bf elementor-widget elementor-widget-image\" data-id=\"54f93bf\" data-element_type=\"widget\" data-widget_type=\"image.default\">\n\t\t\t\t<div class=\"elementor-widget-container\">\n\t\t\t\t\t\t\t\t\t\t\t\t\t<img fetchpriority=\"high\" decoding=\"async\" width=\"1526\" height=\"575\" src=\"https:\/\/e2.com.vn\/wp-content\/uploads\/2020\/10\/Website-banner_installment_vi-2.png\" class=\"attachment-full size-full wp-image-59110\" alt=\"tra-gop-hoc-phi\" srcset=\"https:\/\/e2.com.vn\/wp-content\/uploads\/2020\/10\/Website-banner_installment_vi-2.png 1526w, https:\/\/e2.com.vn\/wp-content\/uploads\/2020\/10\/Website-banner_installment_vi-2-300x113.png 300w, https:\/\/e2.com.vn\/wp-content\/uploads\/2020\/10\/Website-banner_installment_vi-2-1024x386.png 1024w, https:\/\/e2.com.vn\/wp-content\/uploads\/2020\/10\/Website-banner_installment_vi-2-768x289.png 768w\" sizes=\"(max-width: 1526px) 100vw, 1526px\" \/>\t\t\t\t\t\t\t\t\t\t\t\t\t<\/div>\n\t\t\t\t<\/div>\n\t\t\t\t\t<\/div>\n\t\t<\/div>\n\t\t\t\t\t<\/div>\n\t\t<\/section>\n\t\t\t\t<section class=\"elementor-section elementor-top-section elementor-element elementor-element-18c5655 elementor-section-boxed elementor-section-height-default elementor-section-height-default\" data-id=\"18c5655\" data-element_type=\"section\">\n\t\t\t\t\t\t<div class=\"elementor-container elementor-column-gap-default\">\n\t\t\t\t\t<div class=\"elementor-column elementor-col-100 elementor-top-column elementor-element elementor-element-17f15b0\" data-id=\"17f15b0\" data-element_type=\"column\">\n\t\t\t<div class=\"elementor-widget-wrap elementor-element-populated\">\n\t\t\t\t\t\t<div class=\"elementor-element elementor-element-111bac3 elementor-widget elementor-widget-spacer\" data-id=\"111bac3\" data-element_type=\"widget\" data-widget_type=\"spacer.default\">\n\t\t\t\t<div class=\"elementor-widget-container\">\n\t\t\t\t\t<div class=\"elementor-spacer\">\n\t\t\t<div class=\"elementor-spacer-inner\"><\/div>\n\t\t<\/div>\n\t\t\t\t<\/div>\n\t\t\t\t<\/div>\n\t\t\t\t<div class=\"elementor-element elementor-element-a283804 elementor-widget elementor-widget-text-editor\" data-id=\"a283804\" data-element_type=\"widget\" data-widget_type=\"text-editor.default\">\n\t\t\t\t<div class=\"elementor-widget-container\">\n\t\t\t\t\t\t\t<p><strong>\u0110\u1ec3 h\u1ed7 tr\u1ee3 Qu\u00fd ph\u1ee5 huynh v\u00e0 h\u1ecdc sinh khi \u0111\u0103ng k\u00fd h\u1ecdc t\u1ea1i c\u00e1c trung t\u00e2m c\u1ee7a Everest Education, trung t\u00e2m tri\u1ec3n khai ch\u01b0\u01a1ng tr\u00ecnh tr\u1ea3 g\u00f3p v\u1edbi 0% l\u00e3i su\u1ea5t d\u00e0nh cho c\u00e1c ch\u1ee7 th\u1ebb t\u00edn d\u1ee5ng c\u1ee7a 22 ng\u00e2n h\u00e0ng tr\u00ean c\u1ea3 n\u01b0\u1edbc qua c\u1ed5ng thanh to\u00e1n Payoo.<\/strong><\/p><h4><strong>I. N\u1ed9i dung ch\u01b0\u01a1ng tr\u00ecnh tr\u1ea3 g\u00f3p l\u00e3i su\u1ea5t 0%<\/strong><\/h4><ul><li>Ch\u01b0\u01a1ng tr\u00ecnh \u00e1p d\u1ee5ng cho c\u00e1c kh\u00f3a h\u1ecdc c\u00f3 gi\u00e1 tr\u1ecb t\u1eeb 3,000,000 VND tr\u1edf l\u00ean t\u1ea1i trung t\u00e2m Everest Education.<\/li><li>Th\u1eddi h\u1ea1n ch\u01b0\u01a1ng tr\u00ecnh: T\u1eeb 10\/08\/2020 cho \u0111\u1ebfn ng\u00e0y 30\/06\/2021.<\/li><li>K\u1ef3 h\u1ea1n tr\u1ea3 g\u00f3p: 3 th\u00e1ng v\u00e0 6 th\u00e1ng.<\/li><li>Ch\u1ee7 th\u1ebb thanh to\u00e1n to\u00e0n b\u1ed9 h\u1ecdc ph\u00ed kh\u00f3a h\u1ecdc b\u1eb1ng th\u1ebb t\u00edn d\u1ee5ng qu\u1ed1c t\u1ebf c\u1ee7a c\u00e1c ng\u00e2n h\u00e0ng trong danh s\u00e1ch v\u00e0 ch\u1ecdn th\u1eddi gian thanh to\u00e1n tr\u1ea3 g\u00f3p t\u1ea1i th\u1eddi \u0111i\u1ec3m thanh to\u00e1n.<\/li><li>Ng\u00e2n h\u00e0ng s\u1ebd ghi n\u1ee3 s\u1ed1 ti\u1ec1n giao d\u1ecbch th\u00e0nh c\u00e1c kho\u1ea3n tr\u1ea3 g\u00f3p h\u00e0ng th\u00e1ng li\u00ean t\u1ee5c t\u00f9y thu\u1ed9c v\u00e0o k\u1ef3 h\u1ea1n tr\u1ea3 g\u00f3p. Kho\u1ea3n tr\u1ea3 g\u00f3p h\u00e0ng th\u00e1ng s\u1ebd \u0111\u01b0\u1ee3c l\u1eadp b\u1ea3ng nh\u01b0 giao d\u1ecbch th\u00f4ng th\u01b0\u1eddng v\u00e0 l\u00e0 m\u1ed9t ph\u1ea7n c\u1ee7a t\u1ed5ng s\u1ed1 ti\u1ec1n ph\u1ea3i thanh to\u00e1n tr\u00ean m\u1ed7i B\u1ea3ng Sao K\u00ea Th\u1ebb T\u00edn D\u1ee5ng.<\/li><li>H\u1ea1n m\u1ee9c kh\u1ea3 d\u1ee5ng c\u1ee7a Ch\u1ee7 th\u1ebb tr\u00ean T\u00e0i kho\u1ea3n th\u1ebb t\u00edn d\u1ee5ng s\u1ebd b\u1ecb gi\u1ea3m t\u01b0\u01a1ng \u1ee9ng v\u1edbi gi\u00e1 tr\u1ecb giao d\u1ecbch v\u00e0 s\u1ebd t\u1ef1 \u0111\u1ed9ng t\u0103ng t\u01b0\u01a1ng \u1ee9ng v\u1edbi s\u1ed1 ti\u1ec1n m\u00e0 Ch\u1ee7 th\u1ebb \u0111\u00e3 thanh to\u00e1n cho Ng\u00e2n h\u00e0ng theo t\u1eebng k\u1ef3 tr\u1ea3 g\u00f3p.<\/li><li>H\u1ee7y v\u00e0 T\u1ea5t to\u00e1n tr\u01b0\u1edbc h\u1ea1n giao d\u1ecbch tr\u1ea3 g\u00f3p: T\u00f9y theo ch\u00ednh s\u00e1ch t\u1eebng Ng\u00e2n h\u00e0ng, Ch\u1ee7 th\u1ebb c\u00f3 th\u1ec3 H\u1ee7y ho\u1eb7c T\u1ea5t to\u00e1n tr\u01b0\u1edbc h\u1ea1n v\u00e0 ph\u1ea3i tr\u1ea3 ph\u00ed theo quy \u0111\u1ecbnh (n\u1ebfu c\u00f3).<\/li><li>Trong tr\u01b0\u1eddng h\u1ee3p Ch\u1ee7 th\u1ebb kh\u00f4ng thanh to\u00e1n to\u00e0n b\u1ed9 s\u1ed1 ti\u1ec1n ph\u1ea3i thanh to\u00e1n tr\u00ean B\u1ea3ng Sao K\u00ea Th\u1ebb T\u00edn D\u1ee5ng theo th\u1eddi gian quy \u0111\u1ecbnh, Ch\u1ee7 th\u1ebb s\u1ebd ph\u1ea3i thanh to\u00e1n c\u00e1c kho\u1ea3n l\u00e3i, ph\u00ed ph\u00e1t sinh theo ch\u00ednh s\u00e1ch c\u1ee7a Ng\u00e2n h\u00e0ng.<\/li><\/ul><h4><strong>II. \u0110i\u1ec1u ki\u1ec7n tham gia ch\u01b0\u01a1ng tr\u00ecnh<\/strong><\/h4><p>Ch\u1ee7 th\u1ebb ph\u1ea3i \u0111\u00e1p \u1ee9ng \u0111\u1ed3ng th\u1eddi c\u00e1c \u0111i\u1ec1u ki\u1ec7n sau:<\/p><ul><li>Ng\u01b0\u1eddi thanh to\u00e1n h\u1ecdc ph\u00ed l\u00e0 Ch\u1ee7 th\u1ebb ch\u00ednh Th\u1ebb t\u00edn d\u1ee5ng Qu\u1ed1c t\u1ebf do Ng\u00e2n h\u00e0ng ph\u00e1t h\u00e0nh (C\u00f3 th\u1ec3 ph\u1ea3i xu\u1ea5t tr\u00ecnh CMND khi thanh to\u00e1n).<\/li><li>T\u1ea1i th\u1eddi \u0111i\u1ec3m \u0111\u0103ng k\u00fd tr\u1ea3 g\u00f3p, Th\u1ebb t\u00edn d\u1ee5ng c\u1ee7a Ch\u1ee7 th\u1ebb \u0111ang trong tr\u1ea1ng th\u00e1i ho\u1ea1t \u0111\u1ed9ng, kh\u00f4ng trong t\u00ecnh tr\u1ea1ng n\u1ee3 x\u1ea5u ho\u1eb7c ch\u1eadm thanh to\u00e1n theo quy \u0111\u1ecbnh c\u1ee7a Ng\u00e2n h\u00e0ng.<\/li><li>Gi\u00e1 tr\u1ecb giao d\u1ecbch \u0111\u0103ng k\u00fd tr\u1ea3 g\u00f3p kh\u00f4ng v\u01b0\u1ee3t qu\u00e1 h\u1ea1n m\u1ee9c c\u1ee7a Th\u1ebb t\u00edn d\u1ee5ng.<\/li><li>Lo\u1ea1i ti\u1ec1n t\u1ec7 \u0111\u01b0\u1ee3c s\u1eed d\u1ee5ng l\u00e0 \u0110\u1ed3ng Vi\u1ec7t Nam (VND) ho\u1eb7c s\u1ed1 ti\u1ec1n quy \u0111\u1ed5i ngo\u1ea1i t\u1ec7 v\u1ec1 VND (Bao g\u1ed3m c\u1ea3 ph\u00ed chuy\u1ec3n \u0111\u1ed5i ngo\u1ea1i t\u1ec7 \u00e1p d\u1ee5ng theo t\u1eebng Ng\u00e2n h\u00e0ng).<\/li><li>Th\u1eddi \u0111i\u1ec3m tham gia ch\u01b0\u01a1ng tr\u00ecnh tr\u1ea3 g\u00f3p ph\u1ea3i tr\u01b0\u1edbc k\u1ef3 sao k\u00ea c\u1ee7a th\u1ebb 03 (ba) ng\u00e0y l\u00e0m vi\u1ec7c.<\/li><li>C\u00e1c kh\u00f3a h\u1ecdc \u0111\u01b0\u1ee3c \u0111\u0103ng k\u00fd v\u00e0 thanh to\u00e1n b\u1eb1ng h\u00ecnh th\u1ee9c tr\u1ea3 g\u00f3p kh\u00f4ng ph\u1ea7n tr\u0103m l\u00e3i su\u1ea5t s\u1ebd kh\u00f4ng \u0111\u01b0\u1ee3c ho\u00e0n tr\u1ea3.<\/li><li>Ch\u1ee7 th\u1ebb c\u00f3 th\u1ec3 s\u1ebd ch\u1ecbu ph\u00ed chuy\u1ec3n \u0111\u1ed5i tr\u1ea3 g\u00f3p, t\u00f9y theo quy \u0111\u1ecbnh c\u1ee7a t\u1eebng ng\u00e2n h\u00e0ng.<\/li><\/ul><h4><strong>III. Ch\u1ea5m d\u1ee9t \u00e1p d\u1ee5ng ch\u01b0\u01a1ng tr\u00ecnh tr\u1ea3 g\u00f3p<\/strong><\/h4><p>Ng\u00e2n h\u00e0ng c\u00f3 quy\u1ec1n h\u1ee7y b\u1ecf ho\u1eb7c ch\u1ea5m d\u1ee9t cung c\u1ea5p ch\u01b0\u01a1ng tr\u00ecnh tr\u1ea3 g\u00f3p th\u1ebb t\u00edn d\u1ee5ng b\u1eb1ng vi\u1ec7c th\u00f4ng b\u00e1o \u0111\u1ebfn Ch\u1ee7 th\u1ebb v\u00e0 y\u00eau c\u1ea7u Ch\u1ee7 th\u1ebb thanh to\u00e1n ngay to\u00e0n b\u1ed9 s\u1ed1 d\u01b0 c\u00f2n l\u1ea1i c\u1ee7a Kho\u1ea3n tr\u1ea3 g\u00f3p khi:<\/p><ul><li>Ch\u1ee7 th\u1ebb vi ph\u1ea1m ngh\u0129a v\u1ee5 theo quy \u0111\u1ecbnh c\u1ee7a Ng\u00e2n h\u00e0ng.<\/li><li>Th\u1ebb t\u00edn d\u1ee5ng b\u1ecb \u0111\u00f3ng, kh\u00f3a, t\u1ea1m kh\u00f3a ho\u1eb7c trong c\u00e1c tr\u01b0\u1eddng h\u1ee3p kh\u00e1c n\u1ebfu Ng\u00e2n h\u00e0ng th\u1ea5y c\u1ea7n thi\u1ebft.<\/li><li>Khi ch\u1ea5m d\u1ee9t cung c\u1ea5p Ch\u01b0\u01a1ng tr\u00ecnh tr\u1ea3 g\u00f3p cho Ch\u1ee7 th\u1ebb, to\u00e0n b\u1ed9 s\u1ed1 d\u01b0 c\u00f2n l\u1ea1i c\u1ee7a kho\u1ea3n tr\u1ea3 g\u00f3p s\u1ebd ngay l\u1eadp t\u1ee9c tr\u1edf th\u00e0nh s\u1ed1 ti\u1ec1n \u0111\u1ebfn h\u1ea1n thanh to\u00e1n v\u00e0 s\u1ebd \u0111\u01b0\u1ee3c ghi n\u1ee3 t\u1ef1 \u0111\u1ed9ng v\u00e0o t\u00e0i kho\u1ea3n Th\u1ebb t\u00edn d\u1ee5ng c\u1ee7a Ch\u1ee7 th\u1ebb. Ch\u1ee7 th\u1ebb c\u00f3 th\u1ec3 ph\u1ea3i thanh to\u00e1n c\u00e1c kho\u1ea3n ph\u00ed, chi ph\u00ed li\u00ean quan t\u1edbi vi\u1ec7c ch\u1ea5m d\u1ee9t ch\u01b0\u01a1ng tr\u00ecnh theo quy \u0111\u1ecbnh c\u1ee7a Ng\u00e2n h\u00e0ng.<\/li><\/ul><h4><strong>IV. L\u01b0u \u00fd quan tr\u1ecdng<\/strong><\/h4><ul><li>Ch\u1ee7 th\u1ebb cam k\u1ebft thanh to\u00e1n \u0111\u1ea7y \u0111\u1ee7 s\u1ed1 ti\u1ec1n \u0111\u0103ng k\u00fd tr\u1ea3 g\u00f3p cho Ng\u00e2n h\u00e0ng cho d\u00f9 c\u00f3 b\u1ea5t k\u1ef3 tranh ch\u1ea5p, khi\u1ebfu n\u1ea1i, khi\u1ebfu ki\u1ec7n n\u00e0o gi\u1eefa Ch\u1ee7 th\u1ebb v\u00e0 Trung t\u00e2m li\u00ean quan t\u1edbi Kho\u1ea3n tr\u1ea3 g\u00f3p. Ng\u00e2n h\u00e0ng c\u00f3 th\u1ec3 b\u1ed5 sung ho\u1eb7c \u0111i\u1ec1u ch\u1ec9nh n\u1ed9i dung \u0110i\u1ec1u ki\u1ec7n v\u00e0 \u0110i\u1ec1u kho\u1ea3n \u00e1p d\u1ee5ng cho Ch\u01b0\u01a1ng tr\u00ecnh tr\u1ea3 g\u00f3p m\u00e0 kh\u00f4ng b\u00e1o tr\u01b0\u1edbc.<\/li><li>Qu\u00fd ph\u1ee5 huynh c\u00f3 th\u1ec3 li\u00ean l\u1ea1c v\u1edbi Ng\u00e2n h\u00e0ng ph\u00e1t h\u00e0nh th\u1ebb c\u1ee7a gia \u0111\u00ecnh \u0111\u1ec3 t\u00ecm hi\u1ec3u chi ti\u1ebft.<\/li><\/ul><h4><strong>Danh s\u00e1ch ng\u00e2n h\u00e0ng trong ch\u01b0\u01a1ng tr\u00ecnh tr\u1ea3 g\u00f3p 0%<\/strong><\/h4><p>Qu\u00fd ph\u1ee5 huynh c\u00f3 th\u1ec3 tham kh\u1ea3o danh s\u00e1ch c\u00e1c ng\u00e2n h\u00e0ng trong ch\u01b0\u01a1ng tr\u00ecnh tr\u1ea3 g\u00f3p 0% v\u00e0 c\u00e1c quy \u0111\u1ecbnh c\u1ee7a ng\u00e2n h\u00e0ng t\u1ea1i\u00a0<strong><a href=\"https:\/\/e2.com.vn\/wp-content\/uploads\/2020\/10\/Danh-sach-Ngan-hang-va-quy-dinh-tra-gop-22-Everest-Education.pdf\" target=\"_blank\" rel=\"noopener noreferrer\">\u0111\u00e2y<\/a><\/strong>.<\/p>\t\t\t\t\t\t<\/div>\n\t\t\t\t<\/div>\n\t\t\t\t<div class=\"elementor-element elementor-element-77c3359 elementor-widget elementor-widget-spacer\" data-id=\"77c3359\" data-element_type=\"widget\" data-widget_type=\"spacer.default\">\n\t\t\t\t<div class=\"elementor-widget-container\">\n\t\t\t\t\t<div class=\"elementor-spacer\">\n\t\t\t<div class=\"elementor-spacer-inner\"><\/div>\n\t\t<\/div>\n\t\t\t\t<\/div>\n\t\t\t\t<\/div>\n\t\t\t\t\t<\/div>\n\t\t<\/div>\n\t\t\t\t\t<\/div>\n\t\t<\/section>\n\t\t\t\t<section class=\"elementor-section elementor-top-section elementor-element elementor-element-787a3d1d elementor-section-full_width elementor-section-stretched elementor-hidden-phone elementor-section-content-middle elementor-section-height-default elementor-section-height-default\" data-id=\"787a3d1d\" data-element_type=\"section\" id=\"inforeg\" data-settings=\"{&quot;background_background&quot;:&quot;classic&quot;,&quot;stretch_section&quot;:&quot;section-stretched&quot;}\">\n\t\t\t\t\t\t<div class=\"elementor-container elementor-column-gap-no\">\n\t\t\t\t\t<div class=\"elementor-column elementor-col-50 elementor-top-column elementor-element elementor-element-699ee5b5\" data-id=\"699ee5b5\" data-element_type=\"column\">\n\t\t\t<div class=\"elementor-widget-wrap elementor-element-populated\">\n\t\t\t\t\t\t<div class=\"elementor-element elementor-element-364096c9 elementor-widget elementor-widget-heading\" data-id=\"364096c9\" data-element_type=\"widget\" data-widget_type=\"heading.default\">\n\t\t\t\t<div class=\"elementor-widget-container\">\n\t\t\t<h6 class=\"elementor-heading-title elementor-size-default\">Contact Us For Program Inquires & Registration<\/h6>\t\t<\/div>\n\t\t\t\t<\/div>\n\t\t\t\t\t<\/div>\n\t\t<\/div>\n\t\t\t\t<div class=\"elementor-column elementor-col-50 elementor-top-column elementor-element elementor-element-77b5a2dd\" data-id=\"77b5a2dd\" data-element_type=\"column\">\n\t\t\t<div class=\"elementor-widget-wrap elementor-element-populated\">\n\t\t\t\t\t\t<div class=\"elementor-element elementor-element-20b04918 elementor-widget elementor-widget-button\" data-id=\"20b04918\" data-element_type=\"widget\" data-widget_type=\"button.default\">\n\t\t\t\t<div class=\"elementor-widget-container\">\n\t\t\t\t\t<div class=\"elementor-button-wrapper\">\n\t\t\t<a class=\"elementor-button elementor-button-link elementor-size-sm\" href=\"#elementor-action%3Aaction%3Dpopup%3Aopen%26settings%3DeyJpZCI6NTU2ODMsInRvZ2dsZSI6ZmFsc2V9\">\n\t\t\t\t\t\t<span class=\"elementor-button-content-wrapper\">\n\t\t\t\t\t\t<span class=\"elementor-button-text\">Register<\/span>\n\t\t<\/span>\n\t\t\t\t\t<\/a>\n\t\t<\/div>\n\t\t\t\t<\/div>\n\t\t\t\t<\/div>\n\t\t\t\t\t<\/div>\n\t\t<\/div>\n\t\t\t\t\t<\/div>\n\t\t<\/section>\n\t\t\t\t<section class=\"elementor-section elementor-top-section elementor-element elementor-element-4bf7cca7 elementor-section-full_width elementor-section-stretched elementor-section-height-default elementor-section-height-default\" data-id=\"4bf7cca7\" data-element_type=\"section\" data-settings=\"{&quot;stretch_section&quot;:&quot;section-stretched&quot;,&quot;background_background&quot;:&quot;classic&quot;}\">\n\t\t\t\t\t\t<div class=\"elementor-container elementor-column-gap-no\">\n\t\t\t\t\t<div class=\"elementor-column elementor-col-100 elementor-top-column elementor-element elementor-element-3c6004c3\" data-id=\"3c6004c3\" data-element_type=\"column\">\n\t\t\t<div class=\"elementor-widget-wrap\">\n\t\t\t\t\t\t\t<\/div>\n\t\t<\/div>\n\t\t\t\t\t<\/div>\n\t\t<\/section>\n\t\t\t\t<section class=\"elementor-section elementor-top-section elementor-element elementor-element-14d2a90e elementor-section-boxed elementor-section-height-default elementor-section-height-default\" data-id=\"14d2a90e\" data-element_type=\"section\">\n\t\t\t\t\t\t<div class=\"elementor-container elementor-column-gap-default\">\n\t\t\t\t\t<div class=\"elementor-column elementor-col-100 elementor-top-column elementor-element elementor-element-75154111\" data-id=\"75154111\" data-element_type=\"column\">\n\t\t\t<div class=\"elementor-widget-wrap elementor-element-populated\">\n\t\t\t\t\t\t<div class=\"elementor-element elementor-element-67ae2822 elementor-widget elementor-widget-html\" data-id=\"67ae2822\" data-element_type=\"widget\" data-widget_type=\"html.default\">\n\t\t\t\t<div class=\"elementor-widget-container\">\n\t\t\t<script>\r\njQuery(function() {\r\njQuery(window).scroll(function() {\r\n\t\r\n\t\tif(jQuery(window).scrollTop() > 136){\r\n\t\t\tjQuery('#inforeg').addClass('scrollvisible');\r\n\t\t}else {\r\n\t\t\tjQuery('#inforeg').removeClass('scrollvisible');\r\n\t\t}\r\n\t\t \r\n\t});\r\n});\r\n<\/script>\t\t<\/div>\n\t\t\t\t<\/div>\n\t\t\t\t\t<\/div>\n\t\t<\/div>\n\t\t\t\t\t<\/div>\n\t\t<\/section>\n\t\t\t\t<\/div>\n\t\t","protected":false},"excerpt":{"rendered":"<p>These terms and conditions outline the rules and regulations for the use of Everest Education&#8217;s Website.<\/p>\n","protected":false},"author":1,"featured_media":59110,"parent":0,"menu_order":0,"comment_status":"closed","ping_status":"closed","template":"","meta":{"_links_to":"","_links_to_target":""},"yoast_head":"<!-- This site is optimized with the Yoast SEO plugin v19.11 - https:\/\/yoast.com\/wordpress\/plugins\/seo\/ -->\n<title>Ch\u01b0\u01a1ng Tr\u00ecnh Tr\u1ea3 G\u00f3p H\u1ecdc Ph\u00ed L\u00e3i Su\u1ea5t 0% - Everest Education<\/title>\n<meta name=\"description\" content=\"\u0110\u1ec3 h\u1ed7 tr\u1ee3 Qu\u00fd ph\u1ee5 huynh v\u00e0 h\u1ecdc sinh khi \u0111\u0103ng k\u00fd h\u1ecdc t\u1ea1i c\u00e1c trung t\u00e2m c\u1ee7a Everest Education, trung t\u00e2m tri\u1ec3n khai ch\u01b0\u01a1ng tr\u00ecnh tr\u1ea3 g\u00f3p v\u1edbi 0% l\u00e3i su\u1ea5t d\u00e0nh cho c\u00e1c ch\u1ee7 th\u1ebb t\u00edn d\u1ee5ng c\u1ee7a 22 ng\u00e2n h\u00e0ng tr\u00ean c\u1ea3 n\u01b0\u1edbc qua c\u1ed5ng thanh to\u00e1n Payoo.\" \/>\n<meta name=\"robots\" content=\"index, follow, max-snippet:-1, max-image-preview:large, max-video-preview:-1\" \/>\n<link rel=\"canonical\" href=\"https:\/\/e2.com.vn\/vi\/chuong-trinh-tra-gop-hoc-phi\/\" \/>\n<meta property=\"og:locale\" content=\"vi_VN\" \/>\n<meta property=\"og:type\" content=\"article\" \/>\n<meta property=\"og:title\" content=\"Ch\u01b0\u01a1ng Tr\u00ecnh Tr\u1ea3 G\u00f3p H\u1ecdc Ph\u00ed L\u00e3i Su\u1ea5t 0% - Everest Education\" \/>\n<meta property=\"og:description\" content=\"\u0110\u1ec3 h\u1ed7 tr\u1ee3 Qu\u00fd ph\u1ee5 huynh v\u00e0 h\u1ecdc sinh khi \u0111\u0103ng k\u00fd h\u1ecdc t\u1ea1i c\u00e1c trung t\u00e2m c\u1ee7a Everest Education, trung t\u00e2m tri\u1ec3n khai ch\u01b0\u01a1ng tr\u00ecnh tr\u1ea3 g\u00f3p v\u1edbi 0% l\u00e3i su\u1ea5t d\u00e0nh cho c\u00e1c ch\u1ee7 th\u1ebb t\u00edn d\u1ee5ng c\u1ee7a 22 ng\u00e2n h\u00e0ng tr\u00ean c\u1ea3 n\u01b0\u1edbc qua c\u1ed5ng thanh to\u00e1n Payoo.\" \/>\n<meta property=\"og:url\" content=\"https:\/\/e2.com.vn\/vi\/chuong-trinh-tra-gop-hoc-phi\/\" \/>\n<meta property=\"og:site_name\" content=\"Everest Education\" \/>\n<meta property=\"article:modified_time\" content=\"2021-01-04T02:51:56+00:00\" \/>\n<meta property=\"og:image\" content=\"https:\/\/e2.com.vn\/wp-content\/uploads\/2020\/10\/Website-banner_installment_vi-2.png\" \/>\n\t<meta property=\"og:image:width\" content=\"1526\" \/>\n\t<meta property=\"og:image:height\" content=\"575\" \/>\n\t<meta property=\"og:image:type\" content=\"image\/png\" \/>\n<meta name=\"twitter:card\" content=\"summary_large_image\" \/>\n<meta name=\"twitter:label1\" content=\"\u01af\u1edbc t\u00ednh th\u1eddi gian \u0111\u1ecdc\" \/>\n\t<meta name=\"twitter:data1\" content=\"6 ph\u00fat\" \/>\n<script type=\"application\/ld+json\" class=\"yoast-schema-graph\">{\"@context\":\"https:\/\/schema.org\",\"@graph\":[{\"@type\":\"WebPage\",\"@id\":\"https:\/\/e2.com.vn\/vi\/chuong-trinh-tra-gop-hoc-phi\/\",\"url\":\"https:\/\/e2.com.vn\/vi\/chuong-trinh-tra-gop-hoc-phi\/\",\"name\":\"Ch\u01b0\u01a1ng Tr\u00ecnh Tr\u1ea3 G\u00f3p H\u1ecdc Ph\u00ed L\u00e3i Su\u1ea5t 0% - Everest Education\",\"isPartOf\":{\"@id\":\"https:\/\/e2.com.vn\/#website\"},\"datePublished\":\"2020-10-10T14:53:57+00:00\",\"dateModified\":\"2021-01-04T02:51:56+00:00\",\"description\":\"\u0110\u1ec3 h\u1ed7 tr\u1ee3 Qu\u00fd ph\u1ee5 huynh v\u00e0 h\u1ecdc sinh khi \u0111\u0103ng k\u00fd h\u1ecdc t\u1ea1i c\u00e1c trung t\u00e2m c\u1ee7a Everest Education, trung t\u00e2m tri\u1ec3n khai ch\u01b0\u01a1ng tr\u00ecnh tr\u1ea3 g\u00f3p v\u1edbi 0% l\u00e3i su\u1ea5t d\u00e0nh cho c\u00e1c ch\u1ee7 th\u1ebb t\u00edn d\u1ee5ng c\u1ee7a 22 ng\u00e2n h\u00e0ng tr\u00ean c\u1ea3 n\u01b0\u1edbc qua c\u1ed5ng thanh to\u00e1n Payoo.\",\"breadcrumb\":{\"@id\":\"https:\/\/e2.com.vn\/vi\/chuong-trinh-tra-gop-hoc-phi\/#breadcrumb\"},\"inLanguage\":\"vi\",\"potentialAction\":[{\"@type\":\"ReadAction\",\"target\":[\"https:\/\/e2.com.vn\/vi\/chuong-trinh-tra-gop-hoc-phi\/\"]}]},{\"@type\":\"BreadcrumbList\",\"@id\":\"https:\/\/e2.com.vn\/vi\/chuong-trinh-tra-gop-hoc-phi\/#breadcrumb\",\"itemListElement\":[{\"@type\":\"ListItem\",\"position\":1,\"name\":\"Home\",\"item\":\"https:\/\/e2.com.vn\/\"},{\"@type\":\"ListItem\",\"position\":2,\"name\":\"Ch\u01b0\u01a1ng Tr\u00ecnh Tr\u1ea3 G\u00f3p H\u1ecdc Ph\u00ed L\u00e3i Su\u1ea5t 0%\"}]},{\"@type\":\"WebSite\",\"@id\":\"https:\/\/e2.com.vn\/#website\",\"url\":\"https:\/\/e2.com.vn\/\",\"name\":\"Everest Education\",\"description\":\"Ignite Your Learning\",\"publisher\":{\"@id\":\"https:\/\/e2.com.vn\/#organization\"},\"potentialAction\":[{\"@type\":\"SearchAction\",\"target\":{\"@type\":\"EntryPoint\",\"urlTemplate\":\"https:\/\/e2.com.vn\/?s={search_term_string}\"},\"query-input\":\"required name=search_term_string\"}],\"inLanguage\":\"vi\"},{\"@type\":\"Organization\",\"@id\":\"https:\/\/e2.com.vn\/#organization\",\"name\":\"Everest Education\",\"url\":\"https:\/\/e2.com.vn\/\",\"logo\":{\"@type\":\"ImageObject\",\"inLanguage\":\"vi\",\"@id\":\"https:\/\/e2.com.vn\/#\/schema\/logo\/image\/\",\"url\":\"https:\/\/e2.com.vn\/wp-content\/uploads\/2020\/05\/cropped-logo_e_new.png\",\"contentUrl\":\"https:\/\/e2.com.vn\/wp-content\/uploads\/2020\/05\/cropped-logo_e_new.png\",\"width\":627,\"height\":180,\"caption\":\"Everest Education\"},\"image\":{\"@id\":\"https:\/\/e2.com.vn\/#\/schema\/logo\/image\/\"}}]}<\/script>\n<!-- \/ Yoast SEO plugin. -->","yoast_head_json":{"title":"Ch\u01b0\u01a1ng Tr\u00ecnh Tr\u1ea3 G\u00f3p H\u1ecdc Ph\u00ed L\u00e3i Su\u1ea5t 0% - Everest Education","description":"\u0110\u1ec3 h\u1ed7 tr\u1ee3 Qu\u00fd ph\u1ee5 huynh v\u00e0 h\u1ecdc sinh khi \u0111\u0103ng k\u00fd h\u1ecdc t\u1ea1i c\u00e1c trung t\u00e2m c\u1ee7a Everest Education, trung t\u00e2m tri\u1ec3n khai ch\u01b0\u01a1ng tr\u00ecnh tr\u1ea3 g\u00f3p v\u1edbi 0% l\u00e3i su\u1ea5t d\u00e0nh cho c\u00e1c ch\u1ee7 th\u1ebb t\u00edn d\u1ee5ng c\u1ee7a 22 ng\u00e2n h\u00e0ng tr\u00ean c\u1ea3 n\u01b0\u1edbc qua c\u1ed5ng thanh to\u00e1n Payoo.","robots":{"index":"index","follow":"follow","max-snippet":"max-snippet:-1","max-image-preview":"max-image-preview:large","max-video-preview":"max-video-preview:-1"},"canonical":"https:\/\/e2.com.vn\/vi\/chuong-trinh-tra-gop-hoc-phi\/","og_locale":"vi_VN","og_type":"article","og_title":"Ch\u01b0\u01a1ng Tr\u00ecnh Tr\u1ea3 G\u00f3p H\u1ecdc Ph\u00ed L\u00e3i Su\u1ea5t 0% - Everest Education","og_description":"\u0110\u1ec3 h\u1ed7 tr\u1ee3 Qu\u00fd ph\u1ee5 huynh v\u00e0 h\u1ecdc sinh khi \u0111\u0103ng k\u00fd h\u1ecdc t\u1ea1i c\u00e1c trung t\u00e2m c\u1ee7a Everest Education, trung t\u00e2m tri\u1ec3n khai ch\u01b0\u01a1ng tr\u00ecnh tr\u1ea3 g\u00f3p v\u1edbi 0% l\u00e3i su\u1ea5t d\u00e0nh cho c\u00e1c ch\u1ee7 th\u1ebb t\u00edn d\u1ee5ng c\u1ee7a 22 ng\u00e2n h\u00e0ng tr\u00ean c\u1ea3 n\u01b0\u1edbc qua c\u1ed5ng thanh to\u00e1n Payoo.","og_url":"https:\/\/e2.com.vn\/vi\/chuong-trinh-tra-gop-hoc-phi\/","og_site_name":"Everest Education","article_modified_time":"2021-01-04T02:51:56+00:00","og_image":[{"width":1526,"height":575,"url":"https:\/\/e2.com.vn\/wp-content\/uploads\/2020\/10\/Website-banner_installment_vi-2.png","type":"image\/png"}],"twitter_card":"summary_large_image","twitter_misc":{"\u01af\u1edbc t\u00ednh th\u1eddi gian \u0111\u1ecdc":"6 ph\u00fat"},"schema":{"@context":"https:\/\/schema.org","@graph":[{"@type":"WebPage","@id":"https:\/\/e2.com.vn\/vi\/chuong-trinh-tra-gop-hoc-phi\/","url":"https:\/\/e2.com.vn\/vi\/chuong-trinh-tra-gop-hoc-phi\/","name":"Ch\u01b0\u01a1ng Tr\u00ecnh Tr\u1ea3 G\u00f3p H\u1ecdc Ph\u00ed L\u00e3i Su\u1ea5t 0% - Everest Education","isPartOf":{"@id":"https:\/\/e2.com.vn\/#website"},"datePublished":"2020-10-10T14:53:57+00:00","dateModified":"2021-01-04T02:51:56+00:00","description":"\u0110\u1ec3 h\u1ed7 tr\u1ee3 Qu\u00fd ph\u1ee5 huynh v\u00e0 h\u1ecdc sinh khi \u0111\u0103ng k\u00fd h\u1ecdc t\u1ea1i c\u00e1c trung t\u00e2m c\u1ee7a Everest Education, trung t\u00e2m tri\u1ec3n khai ch\u01b0\u01a1ng tr\u00ecnh tr\u1ea3 g\u00f3p v\u1edbi 0% l\u00e3i su\u1ea5t d\u00e0nh cho c\u00e1c ch\u1ee7 th\u1ebb t\u00edn d\u1ee5ng c\u1ee7a 22 ng\u00e2n h\u00e0ng tr\u00ean c\u1ea3 n\u01b0\u1edbc qua c\u1ed5ng thanh to\u00e1n Payoo.","breadcrumb":{"@id":"https:\/\/e2.com.vn\/vi\/chuong-trinh-tra-gop-hoc-phi\/#breadcrumb"},"inLanguage":"vi","potentialAction":[{"@type":"ReadAction","target":["https:\/\/e2.com.vn\/vi\/chuong-trinh-tra-gop-hoc-phi\/"]}]},{"@type":"BreadcrumbList","@id":"https:\/\/e2.com.vn\/vi\/chuong-trinh-tra-gop-hoc-phi\/#breadcrumb","itemListElement":[{"@type":"ListItem","position":1,"name":"Home","item":"https:\/\/e2.com.vn\/"},{"@type":"ListItem","position":2,"name":"Ch\u01b0\u01a1ng Tr\u00ecnh Tr\u1ea3 G\u00f3p H\u1ecdc Ph\u00ed L\u00e3i Su\u1ea5t 0%"}]},{"@type":"WebSite","@id":"https:\/\/e2.com.vn\/#website","url":"https:\/\/e2.com.vn\/","name":"Everest Education","description":"Ignite Your Learning","publisher":{"@id":"https:\/\/e2.com.vn\/#organization"},"potentialAction":[{"@type":"SearchAction","target":{"@type":"EntryPoint","urlTemplate":"https:\/\/e2.com.vn\/?s={search_term_string}"},"query-input":"required name=search_term_string"}],"inLanguage":"vi"},{"@type":"Organization","@id":"https:\/\/e2.com.vn\/#organization","name":"Everest Education","url":"https:\/\/e2.com.vn\/","logo":{"@type":"ImageObject","inLanguage":"vi","@id":"https:\/\/e2.com.vn\/#\/schema\/logo\/image\/","url":"https:\/\/e2.com.vn\/wp-content\/uploads\/2020\/05\/cropped-logo_e_new.png","contentUrl":"https:\/\/e2.com.vn\/wp-content\/uploads\/2020\/05\/cropped-logo_e_new.png","width":627,"height":180,"caption":"Everest Education"},"image":{"@id":"https:\/\/e2.com.vn\/#\/schema\/logo\/image\/"}}]}},"_links":{"self":[{"href":"https:\/\/e2.com.vn\/vi\/wp-json\/wp\/v2\/pages\/58329"}],"collection":[{"href":"https:\/\/e2.com.vn\/vi\/wp-json\/wp\/v2\/pages"}],"about":[{"href":"https:\/\/e2.com.vn\/vi\/wp-json\/wp\/v2\/types\/page"}],"author":[{"embeddable":true,"href":"https:\/\/e2.com.vn\/vi\/wp-json\/wp\/v2\/users\/1"}],"replies":[{"embeddable":true,"href":"https:\/\/e2.com.vn\/vi\/wp-json\/wp\/v2\/comments?post=58329"}],"version-history":[{"count":0,"href":"https:\/\/e2.com.vn\/vi\/wp-json\/wp\/v2\/pages\/58329\/revisions"}],"wp:featuredmedia":[{"embeddable":true,"href":"https:\/\/e2.com.vn\/vi\/wp-json\/wp\/v2\/media\/59110"}],"wp:attachment":[{"href":"https:\/\/e2.com.vn\/vi\/wp-json\/wp\/v2\/media?parent=58329"}],"curies":[{"name":"wp","href":"https:\/\/api.w.org\/{rel}","templated":true}]}}