{"id":89899,"date":"2023-09-18T21:41:53","date_gmt":"2023-09-18T14:41:53","guid":{"rendered":"https:\/\/e2.com.vn\/?page_id=89899"},"modified":"2024-09-12T15:06:31","modified_gmt":"2024-09-12T08:06:31","slug":"e2masterievent","status":"publish","type":"page","link":"https:\/\/e2.com.vn\/vi\/e2masterievent\/","title":{"rendered":"E2 Masteri Event"},"content":{"rendered":"\t\t<div data-elementor-type=\"wp-page\" data-elementor-id=\"89899\" class=\"elementor elementor-89899\" data-elementor-post-type=\"page\">\n\t\t\t\t\t\t<section class=\"elementor-section elementor-top-section elementor-element elementor-element-4c7c7e8 elementor-section-full_width elementor-section-height-default elementor-section-height-default\" data-id=\"4c7c7e8\" data-element_type=\"section\">\n\t\t\t\t\t\t<div class=\"elementor-container elementor-column-gap-no\">\n\t\t\t\t\t<div class=\"elementor-column elementor-col-100 elementor-top-column elementor-element elementor-element-2bc9951\" data-id=\"2bc9951\" data-element_type=\"column\">\n\t\t\t<div class=\"elementor-widget-wrap elementor-element-populated\">\n\t\t\t\t\t\t<div class=\"elementor-element elementor-element-c53caf4 elementor-hidden-mobile elementor-widget elementor-widget-image\" data-id=\"c53caf4\" data-element_type=\"widget\" data-widget_type=\"image.default\">\n\t\t\t\t<div class=\"elementor-widget-container\">\n\t\t\t\t\t\t\t\t\t\t\t\t\t\t<a href=\"#form\">\n\t\t\t\t\t\t\t<img fetchpriority=\"high\" decoding=\"async\" width=\"2560\" height=\"1220\" src=\"https:\/\/e2.com.vn\/wp-content\/uploads\/2024\/08\/Vn-Website-banner-1-scaled.webp\" class=\"attachment-full size-full wp-image-96169\" alt=\"\" srcset=\"https:\/\/e2.com.vn\/wp-content\/uploads\/2024\/08\/Vn-Website-banner-1-scaled.webp 2560w, https:\/\/e2.com.vn\/wp-content\/uploads\/2024\/08\/Vn-Website-banner-1-300x143.webp 300w, https:\/\/e2.com.vn\/wp-content\/uploads\/2024\/08\/Vn-Website-banner-1-1024x488.webp 1024w, https:\/\/e2.com.vn\/wp-content\/uploads\/2024\/08\/Vn-Website-banner-1-768x366.webp 768w, https:\/\/e2.com.vn\/wp-content\/uploads\/2024\/08\/Vn-Website-banner-1-1536x732.webp 1536w, https:\/\/e2.com.vn\/wp-content\/uploads\/2024\/08\/Vn-Website-banner-1-2048x976.webp 2048w\" sizes=\"(max-width: 2560px) 100vw, 2560px\" \/>\t\t\t\t\t\t\t\t<\/a>\n\t\t\t\t\t\t\t\t\t\t\t\t\t<\/div>\n\t\t\t\t<\/div>\n\t\t\t\t\t<\/div>\n\t\t<\/div>\n\t\t\t\t\t<\/div>\n\t\t<\/section>\n\t\t\t\t<section class=\"elementor-section elementor-top-section elementor-element elementor-element-8c113f5 elementor-section-stretched elementor-section-content-middle elementor-section-boxed elementor-section-height-default elementor-section-height-default\" data-id=\"8c113f5\" data-element_type=\"section\" data-settings=\"{&quot;stretch_section&quot;:&quot;section-stretched&quot;,&quot;background_background&quot;:&quot;classic&quot;}\">\n\t\t\t\t\t\t\t<div class=\"elementor-background-overlay\"><\/div>\n\t\t\t\t\t\t\t<div class=\"elementor-container elementor-column-gap-wider\">\n\t\t\t\t\t<div class=\"elementor-column elementor-col-50 elementor-top-column elementor-element elementor-element-f8275b2\" data-id=\"f8275b2\" data-element_type=\"column\">\n\t\t\t<div class=\"elementor-widget-wrap elementor-element-populated\">\n\t\t\t\t\t\t<div class=\"elementor-element elementor-element-7b5b321 elementor-widget elementor-widget-text-editor\" data-id=\"7b5b321\" data-element_type=\"widget\" data-widget_type=\"text-editor.default\">\n\t\t\t\t<div class=\"elementor-widget-container\">\n\t\t\t\t\t\t\t<p><strong>Trung t\u00e2m Everest Education<\/strong> \u0111\u01b0\u1ee3c th\u00e0nh l\u1eadp b\u1edfi \u00f4ng <strong>Tony Ngo (Th\u1ea1c s\u1ef9 Tr\u01b0\u1eddng Kinh Doanh Harvard v\u00e0 C\u1eed nh\u00e2n \u0110\u1ea1i h\u1ecdc Stanford)<\/strong> c\u00f9ng \u00f4ng <strong>Don Le (C\u1eed nh\u00e2n \u0110\u1ea1i h\u1ecdc Stanford)<\/strong> v\u1edbi mong mu\u1ed1n truy\u1ec1n ng\u1ecdn l\u1eeda \u0111am m\u00ea trong su\u1ed1t h\u00e0nh tr\u00ecnh h\u1ecdc t\u1eadp c\u1ee7a m\u1ed7i m\u1ed9t em h\u1ecdc sinh.<\/p><p>C\u00e1c em s\u1ebd \u0111\u01b0\u1ee3c <strong>trang b\u1ecb \u0111\u1ea7y \u0111\u1ee7 ki\u1ebfn th\u1ee9c v\u00e0 k\u1ef9 n\u0103ng<\/strong> \u0111\u1ec3 c\u00f3 th\u1ec3 th\u00e0nh c\u00f4ng trong <strong>m\u00f4i tr\u01b0\u1eddng h\u1ecdc t\u1eadp qu\u1ed1c t\u1ebf<\/strong>. C\u00e1c kh\u00f3a h\u1ecdc t\u1ea1i Trung t\u00e2m \u0111\u01b0\u1ee3c gi\u1ea3ng d\u1ea1y<strong> 100% Ti\u1ebfng Anh<\/strong>, ph\u00f9 h\u1ee3p cho c\u00e1c em h\u1ecdc sinh t\u1eeb l\u1edbp 2 \u0111\u1ebfn l\u1edbp 12, v\u1edbi <strong>ph\u01b0\u01a1ng ph\u00e1p gi\u1ea3ng d\u1ea1y t\u00edch h\u1ee3p \u0111\u1ed9c quy\u1ec1n<\/strong> (blended learning). C\u00e1c kh\u00f3a h\u1ecdc bao g\u1ed3m:<\/p><p>&#8211; To\u00e1n Qu\u1ed1c T\u1ebf<br \/>&#8211; Ng\u1eef v\u0103n Anh<br \/>&#8211; L\u1edbp 1 k\u00e8m 1<br \/>&#8211; \u00d4n luy\u1ec7n c\u00e1c b\u00e0i thi chu\u1ea9n h\u00f3a<\/p>\t\t\t\t\t\t<\/div>\n\t\t\t\t<\/div>\n\t\t\t\t<div class=\"elementor-element elementor-element-21ffb54 elementor-widget elementor-widget-video\" data-id=\"21ffb54\" data-element_type=\"widget\" data-settings=\"{&quot;youtube_url&quot;:&quot;https:\\\/\\\/youtu.be\\\/iHgBof2Sx9Q&quot;,&quot;video_type&quot;:&quot;youtube&quot;,&quot;controls&quot;:&quot;yes&quot;}\" data-widget_type=\"video.default\">\n\t\t\t\t<div class=\"elementor-widget-container\">\n\t\t\t\t\t<div class=\"elementor-wrapper elementor-open-inline\">\n\t\t\t<div class=\"elementor-video\"><\/div>\t\t<\/div>\n\t\t\t\t<\/div>\n\t\t\t\t<\/div>\n\t\t\t\t\t<\/div>\n\t\t<\/div>\n\t\t\t\t<div class=\"elementor-column elementor-col-50 elementor-top-column elementor-element elementor-element-f9aaad4\" data-id=\"f9aaad4\" data-element_type=\"column\">\n\t\t\t<div class=\"elementor-widget-wrap elementor-element-populated\">\n\t\t\t\t\t\t<section class=\"elementor-section elementor-inner-section elementor-element elementor-element-b4f7bed elementor-section-boxed elementor-section-height-default elementor-section-height-default\" data-id=\"b4f7bed\" data-element_type=\"section\">\n\t\t\t\t\t\t<div class=\"elementor-container elementor-column-gap-wider\">\n\t\t\t\t\t<div class=\"elementor-column elementor-col-100 elementor-inner-column elementor-element elementor-element-75dbc87\" data-id=\"75dbc87\" data-element_type=\"column\" data-settings=\"{&quot;background_background&quot;:&quot;classic&quot;}\">\n\t\t\t<div class=\"elementor-widget-wrap elementor-element-populated\">\n\t\t\t\t\t\t<div class=\"elementor-element elementor-element-cbaf7b0 elementor-widget elementor-widget-html\" data-id=\"cbaf7b0\" data-element_type=\"widget\" data-widget_type=\"html.default\">\n\t\t\t\t<div class=\"elementor-widget-container\">\n\t\t\t<iframe src=\"https:\/\/docs.google.com\/forms\/d\/e\/1FAIpQLSe_n3Z4kRuOuL96Thm54Qx6hB3j4o3P-nyq8N9IZudyzxvBuw\/viewform?embedded=true\" width=\"640\" height=\"700\" frameborder=\"0\" marginheight=\"0\" marginwidth=\"0\">Loading\u2026<\/iframe>\t\t<\/div>\n\t\t\t\t<\/div>\n\t\t\t\t\t<\/div>\n\t\t<\/div>\n\t\t\t\t\t<\/div>\n\t\t<\/section>\n\t\t\t\t\t<\/div>\n\t\t<\/div>\n\t\t\t\t\t<\/div>\n\t\t<\/section>\n\t\t\t\t<\/div>\n\t\t","protected":false},"excerpt":{"rendered":"<p>Trung t\u00e2m Everest Education \u0111\u01b0\u1ee3c th\u00e0nh l\u1eadp b\u1edfi \u00f4ng Tony Ngo (Th\u1ea1c s\u1ef9 Tr\u01b0\u1eddng Kinh Doanh Harvard v\u00e0 C\u1eed nh\u00e2n \u0110\u1ea1i h\u1ecdc Stanford) c\u00f9ng \u00f4ng Don Le (C\u1eed nh\u00e2n \u0110\u1ea1i h\u1ecdc Stanford) v\u1edbi mong mu\u1ed1n truy\u1ec1n ng\u1ecdn l\u1eeda \u0111am m\u00ea trong su\u1ed1t h\u00e0nh tr\u00ecnh h\u1ecdc t\u1eadp c\u1ee7a m\u1ed7i m\u1ed9t em h\u1ecdc sinh. C\u00e1c em s\u1ebd [&hellip;]<\/p>\n","protected":false},"author":8,"featured_media":89153,"parent":0,"menu_order":0,"comment_status":"closed","ping_status":"closed","template":"elementor_theme","meta":{"_links_to":"","_links_to_target":""},"yoast_head":"<!-- This site is optimized with the Yoast SEO plugin v19.11 - https:\/\/yoast.com\/wordpress\/plugins\/seo\/ -->\n<title>E2 Masteri Event - Everest Education<\/title>\n<meta name=\"robots\" content=\"index, follow, max-snippet:-1, max-image-preview:large, max-video-preview:-1\" \/>\n<link rel=\"canonical\" href=\"https:\/\/e2.com.vn\/e2masterievent-2\/\" \/>\n<meta property=\"og:locale\" content=\"vi_VN\" \/>\n<meta property=\"og:type\" content=\"article\" \/>\n<meta property=\"og:title\" content=\"E2 Masteri Event - Everest Education\" \/>\n<meta property=\"og:description\" content=\"Trung t\u00e2m Everest Education \u0111\u01b0\u1ee3c th\u00e0nh l\u1eadp b\u1edfi \u00f4ng Tony Ngo (Th\u1ea1c s\u1ef9 Tr\u01b0\u1eddng Kinh Doanh Harvard v\u00e0 C\u1eed nh\u00e2n \u0110\u1ea1i h\u1ecdc Stanford) c\u00f9ng \u00f4ng Don Le (C\u1eed nh\u00e2n \u0110\u1ea1i h\u1ecdc Stanford) v\u1edbi mong mu\u1ed1n truy\u1ec1n ng\u1ecdn l\u1eeda \u0111am m\u00ea trong su\u1ed1t h\u00e0nh tr\u00ecnh h\u1ecdc t\u1eadp c\u1ee7a m\u1ed7i m\u1ed9t em h\u1ecdc sinh. C\u00e1c em s\u1ebd [&hellip;]\" \/>\n<meta property=\"og:url\" content=\"https:\/\/e2.com.vn\/e2masterievent-2\/\" \/>\n<meta property=\"og:site_name\" content=\"Everest Education\" \/>\n<meta property=\"article:modified_time\" content=\"2024-09-12T08:06:31+00:00\" \/>\n<meta property=\"og:image\" content=\"https:\/\/e2.com.vn\/wp-content\/uploads\/2023\/08\/Desktop-2010x800px-Vie.webp\" \/>\n\t<meta property=\"og:image:width\" content=\"2010\" \/>\n\t<meta property=\"og:image:height\" content=\"800\" \/>\n\t<meta property=\"og:image:type\" content=\"image\/webp\" \/>\n<meta name=\"twitter:card\" content=\"summary_large_image\" \/>\n<meta name=\"twitter:label1\" content=\"\u01af\u1edbc t\u00ednh th\u1eddi gian \u0111\u1ecdc\" \/>\n\t<meta name=\"twitter:data1\" content=\"1 ph\u00fat\" \/>\n<script type=\"application\/ld+json\" class=\"yoast-schema-graph\">{\"@context\":\"https:\/\/schema.org\",\"@graph\":[{\"@type\":\"WebPage\",\"@id\":\"https:\/\/e2.com.vn\/e2masterievent-2\/\",\"url\":\"https:\/\/e2.com.vn\/e2masterievent-2\/\",\"name\":\"E2 Masteri Event - Everest Education\",\"isPartOf\":{\"@id\":\"https:\/\/e2.com.vn\/#website\"},\"datePublished\":\"2023-09-18T14:41:53+00:00\",\"dateModified\":\"2024-09-12T08:06:31+00:00\",\"breadcrumb\":{\"@id\":\"https:\/\/e2.com.vn\/e2masterievent-2\/#breadcrumb\"},\"inLanguage\":\"vi\",\"potentialAction\":[{\"@type\":\"ReadAction\",\"target\":[\"https:\/\/e2.com.vn\/e2masterievent-2\/\"]}]},{\"@type\":\"BreadcrumbList\",\"@id\":\"https:\/\/e2.com.vn\/e2masterievent-2\/#breadcrumb\",\"itemListElement\":[{\"@type\":\"ListItem\",\"position\":1,\"name\":\"Home\",\"item\":\"https:\/\/e2.com.vn\/\"},{\"@type\":\"ListItem\",\"position\":2,\"name\":\"E2 Masteri Event\"}]},{\"@type\":\"WebSite\",\"@id\":\"https:\/\/e2.com.vn\/#website\",\"url\":\"https:\/\/e2.com.vn\/\",\"name\":\"Everest Education\",\"description\":\"Ignite Your Learning\",\"publisher\":{\"@id\":\"https:\/\/e2.com.vn\/#organization\"},\"potentialAction\":[{\"@type\":\"SearchAction\",\"target\":{\"@type\":\"EntryPoint\",\"urlTemplate\":\"https:\/\/e2.com.vn\/?s={search_term_string}\"},\"query-input\":\"required name=search_term_string\"}],\"inLanguage\":\"vi\"},{\"@type\":\"Organization\",\"@id\":\"https:\/\/e2.com.vn\/#organization\",\"name\":\"Everest Education\",\"url\":\"https:\/\/e2.com.vn\/\",\"logo\":{\"@type\":\"ImageObject\",\"inLanguage\":\"vi\",\"@id\":\"https:\/\/e2.com.vn\/#\/schema\/logo\/image\/\",\"url\":\"https:\/\/e2.com.vn\/wp-content\/uploads\/2020\/05\/cropped-logo_e_new.png\",\"contentUrl\":\"https:\/\/e2.com.vn\/wp-content\/uploads\/2020\/05\/cropped-logo_e_new.png\",\"width\":627,\"height\":180,\"caption\":\"Everest Education\"},\"image\":{\"@id\":\"https:\/\/e2.com.vn\/#\/schema\/logo\/image\/\"}}]}<\/script>\n<!-- \/ Yoast SEO plugin. -->","yoast_head_json":{"title":"E2 Masteri Event - Everest Education","robots":{"index":"index","follow":"follow","max-snippet":"max-snippet:-1","max-image-preview":"max-image-preview:large","max-video-preview":"max-video-preview:-1"},"canonical":"https:\/\/e2.com.vn\/e2masterievent-2\/","og_locale":"vi_VN","og_type":"article","og_title":"E2 Masteri Event - Everest Education","og_description":"Trung t\u00e2m Everest Education \u0111\u01b0\u1ee3c th\u00e0nh l\u1eadp b\u1edfi \u00f4ng Tony Ngo (Th\u1ea1c s\u1ef9 Tr\u01b0\u1eddng Kinh Doanh Harvard v\u00e0 C\u1eed nh\u00e2n \u0110\u1ea1i h\u1ecdc Stanford) c\u00f9ng \u00f4ng Don Le (C\u1eed nh\u00e2n \u0110\u1ea1i h\u1ecdc Stanford) v\u1edbi mong mu\u1ed1n truy\u1ec1n ng\u1ecdn l\u1eeda \u0111am m\u00ea trong su\u1ed1t h\u00e0nh tr\u00ecnh h\u1ecdc t\u1eadp c\u1ee7a m\u1ed7i m\u1ed9t em h\u1ecdc sinh. C\u00e1c em s\u1ebd [&hellip;]","og_url":"https:\/\/e2.com.vn\/e2masterievent-2\/","og_site_name":"Everest Education","article_modified_time":"2024-09-12T08:06:31+00:00","og_image":[{"width":2010,"height":800,"url":"https:\/\/e2.com.vn\/wp-content\/uploads\/2023\/08\/Desktop-2010x800px-Vie.webp","type":"image\/webp"}],"twitter_card":"summary_large_image","twitter_misc":{"\u01af\u1edbc t\u00ednh th\u1eddi gian \u0111\u1ecdc":"1 ph\u00fat"},"schema":{"@context":"https:\/\/schema.org","@graph":[{"@type":"WebPage","@id":"https:\/\/e2.com.vn\/e2masterievent-2\/","url":"https:\/\/e2.com.vn\/e2masterievent-2\/","name":"E2 Masteri Event - Everest Education","isPartOf":{"@id":"https:\/\/e2.com.vn\/#website"},"datePublished":"2023-09-18T14:41:53+00:00","dateModified":"2024-09-12T08:06:31+00:00","breadcrumb":{"@id":"https:\/\/e2.com.vn\/e2masterievent-2\/#breadcrumb"},"inLanguage":"vi","potentialAction":[{"@type":"ReadAction","target":["https:\/\/e2.com.vn\/e2masterievent-2\/"]}]},{"@type":"BreadcrumbList","@id":"https:\/\/e2.com.vn\/e2masterievent-2\/#breadcrumb","itemListElement":[{"@type":"ListItem","position":1,"name":"Home","item":"https:\/\/e2.com.vn\/"},{"@type":"ListItem","position":2,"name":"E2 Masteri Event"}]},{"@type":"WebSite","@id":"https:\/\/e2.com.vn\/#website","url":"https:\/\/e2.com.vn\/","name":"Everest Education","description":"Ignite Your Learning","publisher":{"@id":"https:\/\/e2.com.vn\/#organization"},"potentialAction":[{"@type":"SearchAction","target":{"@type":"EntryPoint","urlTemplate":"https:\/\/e2.com.vn\/?s={search_term_string}"},"query-input":"required name=search_term_string"}],"inLanguage":"vi"},{"@type":"Organization","@id":"https:\/\/e2.com.vn\/#organization","name":"Everest Education","url":"https:\/\/e2.com.vn\/","logo":{"@type":"ImageObject","inLanguage":"vi","@id":"https:\/\/e2.com.vn\/#\/schema\/logo\/image\/","url":"https:\/\/e2.com.vn\/wp-content\/uploads\/2020\/05\/cropped-logo_e_new.png","contentUrl":"https:\/\/e2.com.vn\/wp-content\/uploads\/2020\/05\/cropped-logo_e_new.png","width":627,"height":180,"caption":"Everest Education"},"image":{"@id":"https:\/\/e2.com.vn\/#\/schema\/logo\/image\/"}}]}},"_links":{"self":[{"href":"https:\/\/e2.com.vn\/vi\/wp-json\/wp\/v2\/pages\/89899"}],"collection":[{"href":"https:\/\/e2.com.vn\/vi\/wp-json\/wp\/v2\/pages"}],"about":[{"href":"https:\/\/e2.com.vn\/vi\/wp-json\/wp\/v2\/types\/page"}],"author":[{"embeddable":true,"href":"https:\/\/e2.com.vn\/vi\/wp-json\/wp\/v2\/users\/8"}],"replies":[{"embeddable":true,"href":"https:\/\/e2.com.vn\/vi\/wp-json\/wp\/v2\/comments?post=89899"}],"version-history":[{"count":9,"href":"https:\/\/e2.com.vn\/vi\/wp-json\/wp\/v2\/pages\/89899\/revisions"}],"predecessor-version":[{"id":96449,"href":"https:\/\/e2.com.vn\/vi\/wp-json\/wp\/v2\/pages\/89899\/revisions\/96449"}],"wp:featuredmedia":[{"embeddable":true,"href":"https:\/\/e2.com.vn\/vi\/wp-json\/wp\/v2\/media\/89153"}],"wp:attachment":[{"href":"https:\/\/e2.com.vn\/vi\/wp-json\/wp\/v2\/media?parent=89899"}],"curies":[{"name":"wp","href":"https:\/\/api.w.org\/{rel}","templated":true}]}}